{"id":118,"date":"2023-04-14T20:08:07","date_gmt":"2023-04-14T18:08:07","guid":{"rendered":"http:\/\/localhost\/Ozon-Sauerstoff\/?page_id=118"},"modified":"2024-12-06T13:27:29","modified_gmt":"2024-12-06T12:27:29","slug":"oberoesterreich","status":"publish","type":"page","link":"https:\/\/www.ozon-sauerstoff.at\/?page_id=118","title":{"rendered":"Ober\u00f6sterreich"},"content":{"rendered":"<nav class=\"is-responsive items-justified-center wp-block-navigation is-content-justification-center is-layout-flex wp-container-core-navigation-is-layout-16018d1d wp-block-navigation-is-layout-flex\" aria-label=\"BundeslaenderAerzte\" \n\t\t data-wp-interactive=\"core\/navigation\" data-wp-context='{\"overlayOpenedBy\":{\"click\":false,\"hover\":false,\"focus\":false},\"type\":\"overlay\",\"roleAttribute\":\"\",\"ariaLabel\":\"Men\\u00fc\"}'><button aria-haspopup=\"dialog\" aria-label=\"Men\u00fc \u00f6ffnen\" class=\"wp-block-navigation__responsive-container-open\" \n\t\t\t\tdata-wp-on--click=\"actions.openMenuOnClick\"\n\t\t\t\tdata-wp-on--keydown=\"actions.handleMenuKeydown\"\n\t\t\t><svg width=\"24\" height=\"24\" xmlns=\"http:\/\/www.w3.org\/2000\/svg\" viewBox=\"0 0 24 24\" aria-hidden=\"true\" focusable=\"false\"><path d=\"M4 7.5h16v1.5H4z\"><\/path><path d=\"M4 15h16v1.5H4z\"><\/path><\/svg><\/button>\n\t\t\t\t<div class=\"wp-block-navigation__responsive-container\"  id=\"modal-1\" \n\t\t\t\tdata-wp-class--has-modal-open=\"state.isMenuOpen\"\n\t\t\t\tdata-wp-class--is-menu-open=\"state.isMenuOpen\"\n\t\t\t\tdata-wp-watch=\"callbacks.initMenu\"\n\t\t\t\tdata-wp-on--keydown=\"actions.handleMenuKeydown\"\n\t\t\t\tdata-wp-on--focusout=\"actions.handleMenuFocusout\"\n\t\t\t\ttabindex=\"-1\"\n\t\t\t>\n\t\t\t\t\t<div class=\"wp-block-navigation__responsive-close\" tabindex=\"-1\">\n\t\t\t\t\t\t<div class=\"wp-block-navigation__responsive-dialog\" \n\t\t\t\tdata-wp-bind--aria-modal=\"state.ariaModal\"\n\t\t\t\tdata-wp-bind--aria-label=\"state.ariaLabel\"\n\t\t\t\tdata-wp-bind--role=\"state.roleAttribute\"\n\t\t\t>\n\t\t\t\t\t\t\t<button aria-label=\"Men\u00fc schlie\u00dfen\" class=\"wp-block-navigation__responsive-container-close\" \n\t\t\t\tdata-wp-on--click=\"actions.closeMenuOnClick\"\n\t\t\t><svg xmlns=\"http:\/\/www.w3.org\/2000\/svg\" viewBox=\"0 0 24 24\" width=\"24\" height=\"24\" aria-hidden=\"true\" focusable=\"false\"><path d=\"m13.06 12 6.47-6.47-1.06-1.06L12 10.94 5.53 4.47 4.47 5.53 10.94 12l-6.47 6.47 1.06 1.06L12 13.06l6.47 6.47 1.06-1.06L13.06 12Z\"><\/path><\/svg><\/button>\n\t\t\t\t\t\t\t<div class=\"wp-block-navigation__responsive-container-content\" \n\t\t\t\tdata-wp-watch=\"callbacks.focusFirstElement\"\n\t\t\t id=\"modal-1-content\">\n\t\t\t\t\t\t\t\t<ul class=\"wp-block-navigation__container is-responsive items-justified-center wp-block-navigation\"><li class=\" wp-block-navigation-item wp-block-navigation-link\"><a class=\"wp-block-navigation-item__content\"  href=\"https:\/\/ozon-sauerstoff.at\/?page_id=125\"><span class=\"wp-block-navigation-item__label\">Burgenland<\/span><\/a><\/li><li class=\" wp-block-navigation-item wp-block-navigation-link\"><a class=\"wp-block-navigation-item__content\"  href=\"https:\/\/ozon-sauerstoff.at\/?page_id=123\"><span class=\"wp-block-navigation-item__label\">K\u00e4rnten<\/span><\/a><\/li><li class=\" wp-block-navigation-item wp-block-navigation-link\"><a class=\"wp-block-navigation-item__content\"  href=\"https:\/\/ozon-sauerstoff.at\/?page_id=117\"><span class=\"wp-block-navigation-item__label\">Nieder\u00f6sterreich<\/span><\/a><\/li><li class=\" wp-block-navigation-item wp-block-navigation-link\"><a class=\"wp-block-navigation-item__content\"  href=\"https:\/\/ozon-sauerstoff.at\/?page_id=118\"><span class=\"wp-block-navigation-item__label\">Ober\u00f6sterreich<\/span><\/a><\/li><li class=\" wp-block-navigation-item wp-block-navigation-link\"><a class=\"wp-block-navigation-item__content\"  href=\"https:\/\/ozon-sauerstoff.at\/?page_id=119\"><span class=\"wp-block-navigation-item__label\">Salzburg<\/span><\/a><\/li><li class=\" wp-block-navigation-item wp-block-navigation-link\"><a class=\"wp-block-navigation-item__content\"  href=\"https:\/\/ozon-sauerstoff.at\/?page_id=124\"><span class=\"wp-block-navigation-item__label\">Steiermark<\/span><\/a><\/li><li class=\" wp-block-navigation-item wp-block-navigation-link\"><a class=\"wp-block-navigation-item__content\"  href=\"https:\/\/ozon-sauerstoff.at\/?page_id=120\"><span class=\"wp-block-navigation-item__label\">Tirol<\/span><\/a><\/li><li class=\" wp-block-navigation-item wp-block-navigation-link\"><a class=\"wp-block-navigation-item__content\"  href=\"https:\/\/ozon-sauerstoff.at\/?page_id=121\"><span class=\"wp-block-navigation-item__label\">Vorarlberg<\/span><\/a><\/li><li class=\" wp-block-navigation-item wp-block-navigation-link\"><a class=\"wp-block-navigation-item__content\"  href=\"https:\/\/ozon-sauerstoff.at\/?page_id=185\"><span class=\"wp-block-navigation-item__label\">Wien<\/span><\/a><\/li><li class=\" wp-block-navigation-item wp-block-navigation-link\"><a class=\"wp-block-navigation-item__content\"  href=\"https:\/\/www.ozon-sauerstoff.at\/?page_id=691\"><span class=\"wp-block-navigation-item__label\">Schweiz<\/span><\/a><\/li><li class=\" wp-block-navigation-item wp-block-navigation-link\"><a class=\"wp-block-navigation-item__content\"  href=\"https:\/\/www.ozon-sauerstoff.at\/?page_id=696\"><span class=\"wp-block-navigation-item__label\">Deutschland<\/span><\/a><\/li><\/ul>\n\t\t\t\t\t\t\t<\/div>\n\t\t\t\t\t\t<\/div>\n\t\t\t\t\t<\/div>\n\t\t\t\t<\/div><\/nav>\n\n<div class=\"wp-block-image is-resized is-style-rounded\">\n<figure class=\"aligncenter size-full\"><img loading=\"lazy\" decoding=\"async\" width=\"707\" height=\"863\" src=\"https:\/\/ozon-sauerstoff.at\/wp-content\/uploads\/2023\/11\/Platzhalter.jpg\" alt=\"\" class=\"wp-image-565\" style=\"width:181px;height:auto\" srcset=\"https:\/\/www.ozon-sauerstoff.at\/wp-content\/uploads\/2023\/11\/Platzhalter.jpg 707w, https:\/\/www.ozon-sauerstoff.at\/wp-content\/uploads\/2023\/11\/Platzhalter-246x300.jpg 246w\" sizes=\"auto, (max-width: 707px) 100vw, 707px\" \/><\/figure>\n<\/div>\n\n\n<figure class=\"wp-block-table aligncenter\"><table><tbody><tr><td><strong><strong>Dr.med. Renate Thiele<\/strong><\/strong>, Herzogstra\u00dfe 29, 4060 &#8211; Leonding<br>\u00c4rztin f\u00fcr Allgemeinmedizin Sauerstoff-Ozontherapie Na-cl + Ozon Tropfinfusion<br>E-Mail: <strong><a href=\"mailto:renate@dr-thiele.at\" target=\"_blank\" rel=\"noreferrer noopener\">renate@dr-thiele.at<\/a><\/strong><br>Tel. 0732\/681668<\/td><\/tr><\/tbody><\/table><\/figure>\n\n\n<div class=\"wp-block-image is-resized is-style-rounded\">\n<figure class=\"aligncenter size-full\"><img loading=\"lazy\" decoding=\"async\" width=\"707\" height=\"863\" src=\"https:\/\/ozon-sauerstoff.at\/wp-content\/uploads\/2023\/11\/Platzhalter.jpg\" alt=\"\" class=\"wp-image-565\" style=\"width:181px;height:auto\" srcset=\"https:\/\/www.ozon-sauerstoff.at\/wp-content\/uploads\/2023\/11\/Platzhalter.jpg 707w, https:\/\/www.ozon-sauerstoff.at\/wp-content\/uploads\/2023\/11\/Platzhalter-246x300.jpg 246w\" sizes=\"auto, (max-width: 707px) 100vw, 707px\" \/><\/figure>\n<\/div>\n\n\n<figure class=\"wp-block-table aligncenter\"><table><tbody><tr><td><strong>Dr.med. Markus Suchanek<\/strong>, Stelzhamerstr. 17, 4810 &#8211; Gmunden<br>Arzt f. Allgemeinmedizin u. Ganzheitsmedizin, Sauerstoff-Ozontherapie Na-cl + Ozon Tropfinfusion<br>E-Mail: <strong><a href=\"mailto:markus@traunseenet.at\" target=\"_blank\" rel=\"noreferrer noopener\">markus@traunseenet.at<\/a><\/strong><br>Tel: +43 676 3320091 Fax: +43 7612 64121 44<\/td><\/tr><\/tbody><\/table><\/figure>\n\n\n<div class=\"wp-block-image is-resized is-style-rounded\">\n<figure class=\"aligncenter size-full\"><img loading=\"lazy\" decoding=\"async\" width=\"707\" height=\"863\" src=\"https:\/\/ozon-sauerstoff.at\/wp-content\/uploads\/2023\/11\/Platzhalter.jpg\" alt=\"\" class=\"wp-image-565\" style=\"width:181px;height:auto\" srcset=\"https:\/\/www.ozon-sauerstoff.at\/wp-content\/uploads\/2023\/11\/Platzhalter.jpg 707w, https:\/\/www.ozon-sauerstoff.at\/wp-content\/uploads\/2023\/11\/Platzhalter-246x300.jpg 246w\" sizes=\"auto, (max-width: 707px) 100vw, 707px\" \/><\/figure>\n<\/div>\n\n\n<figure class=\"wp-block-table aligncenter\"><table><tbody><tr><td><strong><strong><strong>Dr.med. Michael Reitmair<\/strong><\/strong><\/strong>, Handelsstra\u00dfe 15, 4844 &#8211; Regau<br>Arzt f\u00fcr Allgemeinmedizin Sauerstoff-Ozontherapie Na-cl + Ozon Tropfinfusion<br>E-Mail: <strong><a href=\"mailto:ordination@drreitmair.at\" target=\"_blank\" rel=\"noreferrer noopener\">ordination@drreitmair.at<\/a><\/strong><br>Homepage: <strong><a href=\"http:\/\/www.drreitmair.at\/\" target=\"_blank\" rel=\"noreferrer noopener\">www.drreitmair.at<\/a><\/strong><br>Tel: +43 (0)7672 23180 Fax: DW 13<\/td><\/tr><\/tbody><\/table><\/figure>\n\n\n<div class=\"wp-block-image is-resized is-style-rounded\">\n<figure class=\"aligncenter size-full\"><img loading=\"lazy\" decoding=\"async\" width=\"707\" height=\"863\" src=\"https:\/\/ozon-sauerstoff.at\/wp-content\/uploads\/2023\/11\/Platzhalter.jpg\" alt=\"\" class=\"wp-image-565\" style=\"width:181px;height:auto\" srcset=\"https:\/\/www.ozon-sauerstoff.at\/wp-content\/uploads\/2023\/11\/Platzhalter.jpg 707w, https:\/\/www.ozon-sauerstoff.at\/wp-content\/uploads\/2023\/11\/Platzhalter-246x300.jpg 246w\" sizes=\"auto, (max-width: 707px) 100vw, 707px\" \/><\/figure>\n<\/div>\n\n\n<figure class=\"wp-block-table aligncenter\"><table><tbody><tr><td><strong>Dr.med. Dorothea Kapl<\/strong>, Hauptplatz 2, 4190 &#8211; Bad Leonfelden<br>Facharzt f\u00fcr Allgemeinmedizin.<br>E-Mail: <a href=\"mailto:praxis@dr-nevzatsari.at\">dorothea.kapl@outlook.com<\/a> <\/td><\/tr><\/tbody><\/table><\/figure>\n","protected":false},"excerpt":{"rendered":"<p>Dr.med. Renate Thiele, Herzogstra\u00dfe 29, 4060 &#8211; Leonding\u00c4rztin f\u00fcr Allgemeinmedizin Sauerstoff-Ozontherapie Na-cl + Ozon TropfinfusionE-Mail: renate@dr-thiele.atTel. 0732\/681668 Dr.med. Markus Suchanek, Stelzhamerstr. 17, 4810 &#8211; GmundenArzt f. Allgemeinmedizin u. Ganzheitsmedizin, Sauerstoff-Ozontherapie Na-cl + Ozon TropfinfusionE-Mail: markus@traunseenet.atTel: +43 676 3320091 Fax: +43 7612 64121 44 Dr.med. Michael Reitmair, Handelsstra\u00dfe 15, 4844 &#8211; RegauArzt f\u00fcr Allgemeinmedizin Sauerstoff-Ozontherapie Na-cl + Ozon TropfinfusionE-Mail: ordination@drreitmair.atHomepage: www.drreitmair.atTel: +43 (0)7672 23180 Fax: DW 13 Dr.med. Dorothea Kapl, Hauptplatz 2, 4190 &#8211; Bad LeonfeldenFacharzt f\u00fcr Allgemeinmedizin.E-Mail: dorothea.kapl@outlook.com<\/p>\n","protected":false},"author":1,"featured_media":0,"parent":0,"menu_order":0,"comment_status":"closed","ping_status":"closed","template":"","meta":{"_bbp_topic_count":0,"_bbp_reply_count":0,"_bbp_total_topic_count":0,"_bbp_total_reply_count":0,"_bbp_voice_count":0,"_bbp_anonymous_reply_count":0,"_bbp_topic_count_hidden":0,"_bbp_reply_count_hidden":0,"_bbp_forum_subforum_count":0,"footnotes":""},"class_list":["post-118","page","type-page","status-publish","hentry"],"_links":{"self":[{"href":"https:\/\/www.ozon-sauerstoff.at\/index.php?rest_route=\/wp\/v2\/pages\/118","targetHints":{"allow":["GET"]}}],"collection":[{"href":"https:\/\/www.ozon-sauerstoff.at\/index.php?rest_route=\/wp\/v2\/pages"}],"about":[{"href":"https:\/\/www.ozon-sauerstoff.at\/index.php?rest_route=\/wp\/v2\/types\/page"}],"author":[{"embeddable":true,"href":"https:\/\/www.ozon-sauerstoff.at\/index.php?rest_route=\/wp\/v2\/users\/1"}],"replies":[{"embeddable":true,"href":"https:\/\/www.ozon-sauerstoff.at\/index.php?rest_route=%2Fwp%2Fv2%2Fcomments&post=118"}],"version-history":[{"count":8,"href":"https:\/\/www.ozon-sauerstoff.at\/index.php?rest_route=\/wp\/v2\/pages\/118\/revisions"}],"predecessor-version":[{"id":826,"href":"https:\/\/www.ozon-sauerstoff.at\/index.php?rest_route=\/wp\/v2\/pages\/118\/revisions\/826"}],"wp:attachment":[{"href":"https:\/\/www.ozon-sauerstoff.at\/index.php?rest_route=%2Fwp%2Fv2%2Fmedia&parent=118"}],"curies":[{"name":"wp","href":"https:\/\/api.w.org\/{rel}","templated":true}]}}