{"id":12,"date":"2023-04-14T19:09:45","date_gmt":"2023-04-14T17:09:45","guid":{"rendered":"http:\/\/localhost\/Ozon-Sauerstoff\/?page_id=12"},"modified":"2025-12-05T13:05:39","modified_gmt":"2025-12-05T12:05:39","slug":"fortbildungskurse-fuer-aerzte","status":"publish","type":"page","link":"https:\/\/www.ozon-sauerstoff.at\/?page_id=12","title":{"rendered":"Fortbildungskurse f\u00fcr \u00c4rzte"},"content":{"rendered":"\n<figure class=\"wp-block-table\"><table><tbody><tr><td><strong><strong>Ozonkongress 2025<\/strong><\/strong><\/td><\/tr><tr><td><strong>Datum: Freitag 07.11.2025 bis Sonntag 09.11.2025<\/strong><\/td><td><\/td><\/tr><tr><td><br>Ort: Seminarhotel Hubertushof<br>Alpenstra\u00dfe 110, 5081 Anif<br><br>inkl. Mittagessen, Pausengetr\u00e4nke,<br>Snacks, Abendessen ( nur Samstag ) und Kursunterlagen<br><br>Programm:<br>Nationale und internationale Vortr\u00e4ge &#8211; Erfahrungsaustausch und Fallbeispiele aus der Praxis &#8211; Praxis in allen Anwendungsformen f\u00fcr Therapie- Einsteiger + update<br><br>Zimmerbuchung muss bis sp\u00e4testens 30.09.2025 selbst im Seminarhotel Hubertushof gebucht werden.<br>Seminarhotel Hubertushof: Tel: +43 6246 8970<br>Mail: hotel@hubertushof-anif.at<br>Website: www.hubertushof-anif.at<br><br>Veranstalter: \u00d6.G.O.<br>\u00d6sterreichische Gesellschaft Ozontherapie, in Zusammenarbeit mit der STAFAM (Steirische Akademie f\u00fcr Allgemeinmedizin)<br><br>Anmeldung per Mail unter: ozon-sauerstoff@aon.at<\/td><\/tr><\/tbody><\/table><\/figure>\n\n\n\n<figure class=\"wp-block-image size-large\"><a href=\"https:\/\/www.ozon-sauerstoff.at\/wp-content\/uploads\/2025\/11\/Update_Programm-Ozonkongress-Nov.-2025.pdf\" target=\"_blank\" rel=\" noreferrer noopener\"><img loading=\"lazy\" decoding=\"async\" width=\"1024\" height=\"299\" src=\"https:\/\/www.ozon-sauerstoff.at\/wp-content\/uploads\/2025\/09\/OzonKonPro-2-1024x299.jpg\" alt=\"\" class=\"wp-image-874\" srcset=\"https:\/\/www.ozon-sauerstoff.at\/wp-content\/uploads\/2025\/09\/OzonKonPro-2-1024x299.jpg 1024w, https:\/\/www.ozon-sauerstoff.at\/wp-content\/uploads\/2025\/09\/OzonKonPro-2-300x88.jpg 300w, https:\/\/www.ozon-sauerstoff.at\/wp-content\/uploads\/2025\/09\/OzonKonPro-2-768x225.jpg 768w, https:\/\/www.ozon-sauerstoff.at\/wp-content\/uploads\/2025\/09\/OzonKonPro-2-1140x333.jpg 1140w, https:\/\/www.ozon-sauerstoff.at\/wp-content\/uploads\/2025\/09\/OzonKonPro-2.jpg 1310w\" sizes=\"auto, (max-width: 1024px) 100vw, 1024px\" \/><\/a><\/figure>\n","protected":false},"excerpt":{"rendered":"<p>Ozonkongress 2025 Datum: Freitag 07.11.2025 bis Sonntag 09.11.2025 Ort: Seminarhotel HubertushofAlpenstra\u00dfe 110, 5081 Anif inkl. Mittagessen, Pausengetr\u00e4nke,Snacks, Abendessen ( nur Samstag ) und Kursunterlagen Programm:Nationale und internationale Vortr\u00e4ge &#8211; Erfahrungsaustausch und Fallbeispiele aus der Praxis &#8211; Praxis in allen Anwendungsformen f\u00fcr Therapie- Einsteiger + update Zimmerbuchung muss bis sp\u00e4testens 30.09.2025 selbst im Seminarhotel Hubertushof gebucht werden.Seminarhotel Hubertushof: Tel: +43 6246 8970Mail: hotel@hubertushof-anif.atWebsite: www.hubertushof-anif.at Veranstalter: \u00d6.G.O.\u00d6sterreichische Gesellschaft Ozontherapie, in Zusammenarbeit mit der STAFAM (Steirische Akademie f\u00fcr Allgemeinmedizin) Anmeldung per Mail unter: ozon-sauerstoff@aon.at<\/p>\n","protected":false},"author":1,"featured_media":0,"parent":0,"menu_order":0,"comment_status":"closed","ping_status":"closed","template":"","meta":{"_bbp_topic_count":0,"_bbp_reply_count":0,"_bbp_total_topic_count":0,"_bbp_total_reply_count":0,"_bbp_voice_count":0,"_bbp_anonymous_reply_count":0,"_bbp_topic_count_hidden":0,"_bbp_reply_count_hidden":0,"_bbp_forum_subforum_count":0,"footnotes":""},"class_list":["post-12","page","type-page","status-publish","hentry"],"_links":{"self":[{"href":"https:\/\/www.ozon-sauerstoff.at\/index.php?rest_route=\/wp\/v2\/pages\/12","targetHints":{"allow":["GET"]}}],"collection":[{"href":"https:\/\/www.ozon-sauerstoff.at\/index.php?rest_route=\/wp\/v2\/pages"}],"about":[{"href":"https:\/\/www.ozon-sauerstoff.at\/index.php?rest_route=\/wp\/v2\/types\/page"}],"author":[{"embeddable":true,"href":"https:\/\/www.ozon-sauerstoff.at\/index.php?rest_route=\/wp\/v2\/users\/1"}],"replies":[{"embeddable":true,"href":"https:\/\/www.ozon-sauerstoff.at\/index.php?rest_route=%2Fwp%2Fv2%2Fcomments&post=12"}],"version-history":[{"count":14,"href":"https:\/\/www.ozon-sauerstoff.at\/index.php?rest_route=\/wp\/v2\/pages\/12\/revisions"}],"predecessor-version":[{"id":1015,"href":"https:\/\/www.ozon-sauerstoff.at\/index.php?rest_route=\/wp\/v2\/pages\/12\/revisions\/1015"}],"wp:attachment":[{"href":"https:\/\/www.ozon-sauerstoff.at\/index.php?rest_route=%2Fwp%2Fv2%2Fmedia&parent=12"}],"curies":[{"name":"wp","href":"https:\/\/api.w.org\/{rel}","templated":true}]}}