{"id":124,"date":"2023-04-14T20:08:07","date_gmt":"2023-04-14T18:08:07","guid":{"rendered":"http:\/\/localhost\/Ozon-Sauerstoff\/?page_id=124"},"modified":"2025-02-20T08:13:16","modified_gmt":"2025-02-20T07:13:16","slug":"steiermark","status":"publish","type":"page","link":"https:\/\/www.ozon-sauerstoff.at\/?page_id=124","title":{"rendered":"Steiermark"},"content":{"rendered":"<nav class=\"is-responsive items-justified-center wp-block-navigation is-content-justification-center is-layout-flex wp-container-core-navigation-is-layout-16018d1d wp-block-navigation-is-layout-flex\" aria-label=\"BundeslaenderAerzte\" \n\t\t data-wp-interactive=\"core\/navigation\" data-wp-context='{\"overlayOpenedBy\":{\"click\":false,\"hover\":false,\"focus\":false},\"type\":\"overlay\",\"roleAttribute\":\"\",\"ariaLabel\":\"Men\\u00fc\"}'><button aria-haspopup=\"dialog\" aria-label=\"Men\u00fc \u00f6ffnen\" class=\"wp-block-navigation__responsive-container-open\" \n\t\t\t\tdata-wp-on--click=\"actions.openMenuOnClick\"\n\t\t\t\tdata-wp-on--keydown=\"actions.handleMenuKeydown\"\n\t\t\t><svg width=\"24\" height=\"24\" xmlns=\"http:\/\/www.w3.org\/2000\/svg\" viewBox=\"0 0 24 24\" aria-hidden=\"true\" focusable=\"false\"><path d=\"M4 7.5h16v1.5H4z\"><\/path><path d=\"M4 15h16v1.5H4z\"><\/path><\/svg><\/button>\n\t\t\t\t<div class=\"wp-block-navigation__responsive-container\"  id=\"modal-1\" \n\t\t\t\tdata-wp-class--has-modal-open=\"state.isMenuOpen\"\n\t\t\t\tdata-wp-class--is-menu-open=\"state.isMenuOpen\"\n\t\t\t\tdata-wp-watch=\"callbacks.initMenu\"\n\t\t\t\tdata-wp-on--keydown=\"actions.handleMenuKeydown\"\n\t\t\t\tdata-wp-on--focusout=\"actions.handleMenuFocusout\"\n\t\t\t\ttabindex=\"-1\"\n\t\t\t>\n\t\t\t\t\t<div class=\"wp-block-navigation__responsive-close\" tabindex=\"-1\">\n\t\t\t\t\t\t<div class=\"wp-block-navigation__responsive-dialog\" \n\t\t\t\tdata-wp-bind--aria-modal=\"state.ariaModal\"\n\t\t\t\tdata-wp-bind--aria-label=\"state.ariaLabel\"\n\t\t\t\tdata-wp-bind--role=\"state.roleAttribute\"\n\t\t\t>\n\t\t\t\t\t\t\t<button aria-label=\"Men\u00fc schlie\u00dfen\" class=\"wp-block-navigation__responsive-container-close\" \n\t\t\t\tdata-wp-on--click=\"actions.closeMenuOnClick\"\n\t\t\t><svg xmlns=\"http:\/\/www.w3.org\/2000\/svg\" viewBox=\"0 0 24 24\" width=\"24\" height=\"24\" aria-hidden=\"true\" focusable=\"false\"><path d=\"m13.06 12 6.47-6.47-1.06-1.06L12 10.94 5.53 4.47 4.47 5.53 10.94 12l-6.47 6.47 1.06 1.06L12 13.06l6.47 6.47 1.06-1.06L13.06 12Z\"><\/path><\/svg><\/button>\n\t\t\t\t\t\t\t<div class=\"wp-block-navigation__responsive-container-content\" \n\t\t\t\tdata-wp-watch=\"callbacks.focusFirstElement\"\n\t\t\t id=\"modal-1-content\">\n\t\t\t\t\t\t\t\t<ul class=\"wp-block-navigation__container is-responsive items-justified-center wp-block-navigation\"><li class=\" wp-block-navigation-item wp-block-navigation-link\"><a class=\"wp-block-navigation-item__content\"  href=\"https:\/\/ozon-sauerstoff.at\/?page_id=125\"><span class=\"wp-block-navigation-item__label\">Burgenland<\/span><\/a><\/li><li class=\" wp-block-navigation-item wp-block-navigation-link\"><a class=\"wp-block-navigation-item__content\"  href=\"https:\/\/ozon-sauerstoff.at\/?page_id=123\"><span class=\"wp-block-navigation-item__label\">K\u00e4rnten<\/span><\/a><\/li><li class=\" wp-block-navigation-item wp-block-navigation-link\"><a class=\"wp-block-navigation-item__content\"  href=\"https:\/\/ozon-sauerstoff.at\/?page_id=117\"><span class=\"wp-block-navigation-item__label\">Nieder\u00f6sterreich<\/span><\/a><\/li><li class=\" wp-block-navigation-item wp-block-navigation-link\"><a class=\"wp-block-navigation-item__content\"  href=\"https:\/\/ozon-sauerstoff.at\/?page_id=118\"><span class=\"wp-block-navigation-item__label\">Ober\u00f6sterreich<\/span><\/a><\/li><li class=\" wp-block-navigation-item wp-block-navigation-link\"><a class=\"wp-block-navigation-item__content\"  href=\"https:\/\/ozon-sauerstoff.at\/?page_id=119\"><span class=\"wp-block-navigation-item__label\">Salzburg<\/span><\/a><\/li><li class=\" wp-block-navigation-item wp-block-navigation-link\"><a class=\"wp-block-navigation-item__content\"  href=\"https:\/\/ozon-sauerstoff.at\/?page_id=124\"><span class=\"wp-block-navigation-item__label\">Steiermark<\/span><\/a><\/li><li class=\" wp-block-navigation-item wp-block-navigation-link\"><a class=\"wp-block-navigation-item__content\"  href=\"https:\/\/ozon-sauerstoff.at\/?page_id=120\"><span class=\"wp-block-navigation-item__label\">Tirol<\/span><\/a><\/li><li class=\" wp-block-navigation-item wp-block-navigation-link\"><a class=\"wp-block-navigation-item__content\"  href=\"https:\/\/ozon-sauerstoff.at\/?page_id=121\"><span class=\"wp-block-navigation-item__label\">Vorarlberg<\/span><\/a><\/li><li class=\" wp-block-navigation-item wp-block-navigation-link\"><a class=\"wp-block-navigation-item__content\"  href=\"https:\/\/ozon-sauerstoff.at\/?page_id=185\"><span class=\"wp-block-navigation-item__label\">Wien<\/span><\/a><\/li><li class=\" wp-block-navigation-item wp-block-navigation-link\"><a class=\"wp-block-navigation-item__content\"  href=\"https:\/\/www.ozon-sauerstoff.at\/?page_id=691\"><span class=\"wp-block-navigation-item__label\">Schweiz<\/span><\/a><\/li><li class=\" wp-block-navigation-item wp-block-navigation-link\"><a class=\"wp-block-navigation-item__content\"  href=\"https:\/\/www.ozon-sauerstoff.at\/?page_id=696\"><span class=\"wp-block-navigation-item__label\">Deutschland<\/span><\/a><\/li><\/ul>\n\t\t\t\t\t\t\t<\/div>\n\t\t\t\t\t\t<\/div>\n\t\t\t\t\t<\/div>\n\t\t\t\t<\/div><\/nav>\n\n<div class=\"wp-block-image is-resized is-style-rounded\">\n<figure class=\"aligncenter size-full\"><img loading=\"lazy\" decoding=\"async\" width=\"707\" height=\"863\" src=\"https:\/\/ozon-sauerstoff.at\/wp-content\/uploads\/2023\/11\/Platzhalter.jpg\" alt=\"\" class=\"wp-image-565\" style=\"width:181px;height:auto\" srcset=\"https:\/\/www.ozon-sauerstoff.at\/wp-content\/uploads\/2023\/11\/Platzhalter.jpg 707w, https:\/\/www.ozon-sauerstoff.at\/wp-content\/uploads\/2023\/11\/Platzhalter-246x300.jpg 246w\" sizes=\"auto, (max-width: 707px) 100vw, 707px\" \/><\/figure>\n<\/div>\n\n\n<figure class=\"wp-block-table aligncenter\"><table><tbody><tr><td><strong><strong><strong>Dr.med. Renate Schied<\/strong><\/strong><\/strong>, Theodor-K\u00f6rnerstr. 54, 8010 &#8211; Graz<br>\u00c4rztin f\u00fcr Allgemeinmedizin<br>E-Mail: <strong><a href=\"mailto:ordination.schied@gmail.com\" target=\"_blank\" rel=\"noreferrer noopener\">ordination.schied@gmail.com<\/a><\/strong><br>Tel.0316-688883 Fax:0316-688883 20<\/td><\/tr><\/tbody><\/table><\/figure>\n\n\n<div class=\"wp-block-image is-resized is-style-rounded\">\n<figure class=\"aligncenter size-full\"><img loading=\"lazy\" decoding=\"async\" width=\"707\" height=\"863\" src=\"https:\/\/ozon-sauerstoff.at\/wp-content\/uploads\/2023\/11\/Platzhalter.jpg\" alt=\"\" class=\"wp-image-565\" style=\"width:181px;height:auto\" srcset=\"https:\/\/www.ozon-sauerstoff.at\/wp-content\/uploads\/2023\/11\/Platzhalter.jpg 707w, https:\/\/www.ozon-sauerstoff.at\/wp-content\/uploads\/2023\/11\/Platzhalter-246x300.jpg 246w\" sizes=\"auto, (max-width: 707px) 100vw, 707px\" \/><\/figure>\n<\/div>\n\n\n<figure class=\"wp-block-table aligncenter\"><table><tbody><tr><td><strong><strong><strong>Ing. Dr.med. Mag. Johann Schuller MSc<\/strong><\/strong><\/strong>, Savenauweg 5, 8042 &#8211; Graz<br>Zahnarzt u.Arzt f. Ganzheitsmedizin, Sauerstoff-Ozontherapie, Na-cl + Ozon Tropfinfusion<br>E-Mail: <strong><a href=\"mailto:praxis@gzm-schuller.at\" target=\"_blank\" rel=\"noreferrer noopener\">praxis@gzm-schuller.at<\/a><\/strong><br>Tel. 0316 425621<\/td><\/tr><\/tbody><\/table><\/figure>\n\n\n<div class=\"wp-block-image is-resized is-style-rounded\">\n<figure class=\"aligncenter size-full\"><img loading=\"lazy\" decoding=\"async\" width=\"707\" height=\"863\" src=\"https:\/\/ozon-sauerstoff.at\/wp-content\/uploads\/2023\/11\/Platzhalter.jpg\" alt=\"\" class=\"wp-image-565\" style=\"width:181px;height:auto\" srcset=\"https:\/\/www.ozon-sauerstoff.at\/wp-content\/uploads\/2023\/11\/Platzhalter.jpg 707w, https:\/\/www.ozon-sauerstoff.at\/wp-content\/uploads\/2023\/11\/Platzhalter-246x300.jpg 246w\" sizes=\"auto, (max-width: 707px) 100vw, 707px\" \/><\/figure>\n<\/div>\n\n\n<figure class=\"wp-block-table aligncenter\"><table><tbody><tr><td><strong><strong><strong><strong><strong>Dr.med. Andreas Thumfart<\/strong><\/strong><\/strong><\/strong><\/strong>, Grazerstra\u00dfe 1, 8280 &#8211; F\u00fcrstenfeld<br>Facharzt f\u00fcr Orthop\u00e4die und orthop\u00e4dische Chirurgie Sauerstoff-Ozontherapie<br>E-Mail: <strong><a href=\"mailto:dr.thumfart@i-ortho.at\" target=\"_blank\" rel=\"noreferrer noopener\">dr.thumfart@i-ortho.at<\/a><\/strong><br>Homepage: <strong><a href=\"http:\/\/www.i-ortho.at\/\" target=\"_blank\" rel=\"noreferrer noopener\">www.i-ortho.at<\/a><\/strong><br>Tel: +43 650 765 0141<\/td><\/tr><\/tbody><\/table><\/figure>\n\n\n<div class=\"wp-block-image is-resized is-style-rounded\">\n<figure class=\"aligncenter size-full\"><img loading=\"lazy\" decoding=\"async\" width=\"707\" height=\"863\" src=\"https:\/\/ozon-sauerstoff.at\/wp-content\/uploads\/2023\/11\/Platzhalter.jpg\" alt=\"\" class=\"wp-image-565\" style=\"width:181px;height:auto\" srcset=\"https:\/\/www.ozon-sauerstoff.at\/wp-content\/uploads\/2023\/11\/Platzhalter.jpg 707w, https:\/\/www.ozon-sauerstoff.at\/wp-content\/uploads\/2023\/11\/Platzhalter-246x300.jpg 246w\" sizes=\"auto, (max-width: 707px) 100vw, 707px\" \/><\/figure>\n<\/div>\n\n\n<figure class=\"wp-block-table aligncenter\"><table><tbody><tr><td><strong>O<strong><strong><strong><strong><strong>MR .Dr.med. Winfried Koller<\/strong><\/strong><\/strong><\/strong><\/strong><\/strong>, Steinamangerstr. 23, 8243 &#8211; Pinggau<br>Arzt f\u00fcr Allgemeinmedizin u. Ganzheitsmedizin, Sauerstoff-Ozontherapie, kombinierte Ozon-Haemolasertherapie u. Na-cl + Ozon Tropfinfusion<br>Tel. 03339-222 57 Fax Kl. 5<\/td><\/tr><\/tbody><\/table><\/figure>\n\n\n<div class=\"wp-block-image is-resized is-style-rounded\">\n<figure class=\"aligncenter size-full\"><img loading=\"lazy\" decoding=\"async\" width=\"707\" height=\"863\" src=\"https:\/\/ozon-sauerstoff.at\/wp-content\/uploads\/2023\/11\/Platzhalter.jpg\" alt=\"\" class=\"wp-image-565\" style=\"width:181px;height:auto\" srcset=\"https:\/\/www.ozon-sauerstoff.at\/wp-content\/uploads\/2023\/11\/Platzhalter.jpg 707w, https:\/\/www.ozon-sauerstoff.at\/wp-content\/uploads\/2023\/11\/Platzhalter-246x300.jpg 246w\" sizes=\"auto, (max-width: 707px) 100vw, 707px\" \/><\/figure>\n<\/div>\n\n\n<figure class=\"wp-block-table aligncenter\"><table><tbody><tr><td><strong>Dr.med Andreas Thumfart<\/strong>, Grazerstra\u00dfe 1 &#8211; 1 Stock, 8280 &#8211; F\u00fcrstenfeld<br>Facharzt f\u00fcr Orthop\u00e4die und orthop\u00e4dische Chirurgie Sauerstoff-Ozontherapie<br>E-Mail: <strong><a href=\"mailto:dr.thumfart@i-ortho.at\" target=\"_blank\" rel=\"noreferrer noopener\">dr.thumfart@i-ortho.at<\/a><\/strong><br>Homepage: <strong><a href=\"http:\/\/www.xn--orthopde-frstenfeld-lwb22c.at\/\" target=\"_blank\" rel=\"noreferrer noopener\">www.orthop\u00e4de-f\u00fcrstenfeld.at<\/a><\/strong><br><a href=\"Tel: +43 650 765 0141\">Tel: +43 650 765 0141<\/a><\/td><\/tr><\/tbody><\/table><\/figure>\n\n\n<div class=\"wp-block-image is-resized is-style-rounded\">\n<figure class=\"aligncenter size-full\"><img loading=\"lazy\" decoding=\"async\" width=\"707\" height=\"863\" src=\"https:\/\/ozon-sauerstoff.at\/wp-content\/uploads\/2023\/11\/Platzhalter.jpg\" alt=\"\" class=\"wp-image-565\" style=\"width:181px;height:auto\" srcset=\"https:\/\/www.ozon-sauerstoff.at\/wp-content\/uploads\/2023\/11\/Platzhalter.jpg 707w, https:\/\/www.ozon-sauerstoff.at\/wp-content\/uploads\/2023\/11\/Platzhalter-246x300.jpg 246w\" sizes=\"auto, (max-width: 707px) 100vw, 707px\" \/><\/figure>\n<\/div>\n\n\n<figure class=\"wp-block-table aligncenter\"><table><tbody><tr><td><strong><strong>Dr. med. Franz Hafner<\/strong><\/strong>, Gleichenbergerstra\u00dfe 2, 8330 &#8211; Feldbach<br>Arzt f. Allgemeinmedizin u. Ganzheitsmedizin, Sauerstoff-Ozontherapie, kombinierte Ozon-Haemolasertherapie u. Na-cl + Ozon Tropfinfusion<br>Tel. 03152-5150<\/td><\/tr><\/tbody><\/table><\/figure>\n\n\n<div class=\"wp-block-image is-resized is-style-rounded\">\n<figure class=\"aligncenter size-full\"><img loading=\"lazy\" decoding=\"async\" width=\"707\" height=\"863\" src=\"https:\/\/ozon-sauerstoff.at\/wp-content\/uploads\/2023\/11\/Platzhalter.jpg\" alt=\"\" class=\"wp-image-565\" style=\"width:181px;height:auto\" srcset=\"https:\/\/www.ozon-sauerstoff.at\/wp-content\/uploads\/2023\/11\/Platzhalter.jpg 707w, https:\/\/www.ozon-sauerstoff.at\/wp-content\/uploads\/2023\/11\/Platzhalter-246x300.jpg 246w\" sizes=\"auto, (max-width: 707px) 100vw, 707px\" \/><\/figure>\n<\/div>\n\n\n<figure class=\"wp-block-table aligncenter\"><table><tbody><tr><td><strong>Dr.med. Birgit Jaritz<\/strong>, Hauptstra\u00dfe 2, 8940 &#8211; Liezen<br>\u00c4rztin f\u00fcr Allgemeinmedizin, An\u00e4sthesiologie u. Intensivmedizin,Sauerstoff-Ozontherapie Na-cl + Ozon Tropfinfusion<br>E-Mail: <strong><a href=\"mailto:birgit.jaritz@web.de\" target=\"_blank\" rel=\"noreferrer noopener\">birgit.jaritz@web.de<\/a><\/strong><br>Tel. 0664-3911956<\/td><\/tr><\/tbody><\/table><\/figure>\n\n\n<div class=\"wp-block-image is-resized is-style-rounded\">\n<figure class=\"aligncenter size-full\"><img loading=\"lazy\" decoding=\"async\" width=\"707\" height=\"863\" src=\"https:\/\/ozon-sauerstoff.at\/wp-content\/uploads\/2023\/11\/Platzhalter.jpg\" alt=\"\" class=\"wp-image-565\" style=\"width:181px;height:auto\" srcset=\"https:\/\/www.ozon-sauerstoff.at\/wp-content\/uploads\/2023\/11\/Platzhalter.jpg 707w, https:\/\/www.ozon-sauerstoff.at\/wp-content\/uploads\/2023\/11\/Platzhalter-246x300.jpg 246w\" sizes=\"auto, (max-width: 707px) 100vw, 707px\" \/><\/figure>\n<\/div>\n\n\n<figure class=\"wp-block-table aligncenter\"><table><tbody><tr><td><strong>Dr.med. Katrin Rosenzopf<\/strong>, Doktor-H.-Kravcar-Platz 1, 8570 &#8211; Voitsberg<br>Facharzt f\u00fcr Allgemeinmedizin.<br>E-Mail: <strong><a href=\"mailto:birgit.jaritz@web.de\" target=\"_blank\" rel=\"noreferrer noopener\">katrin.rosenzopf@gmx.at<\/a><\/strong><\/td><\/tr><\/tbody><\/table><\/figure>\n\n\n<div class=\"wp-block-image is-resized is-style-rounded\">\n<figure class=\"aligncenter size-full\"><img loading=\"lazy\" decoding=\"async\" width=\"707\" height=\"863\" src=\"https:\/\/ozon-sauerstoff.at\/wp-content\/uploads\/2023\/11\/Platzhalter.jpg\" alt=\"\" class=\"wp-image-565\" style=\"width:181px;height:auto\" srcset=\"https:\/\/www.ozon-sauerstoff.at\/wp-content\/uploads\/2023\/11\/Platzhalter.jpg 707w, https:\/\/www.ozon-sauerstoff.at\/wp-content\/uploads\/2023\/11\/Platzhalter-246x300.jpg 246w\" sizes=\"auto, (max-width: 707px) 100vw, 707px\" \/><\/figure>\n<\/div>\n\n\n<figure class=\"wp-block-table aligncenter\"><table><tbody><tr><td><strong>Dr.med. Dana-Aurelia Chiliban<\/strong>, Am Sonnenhang 1A, 8502 &#8211; Lannach<br>Facharzt f\u00fcr Allgemeinmedizin.<br>E-Mail: <a href=\"mailto:praxis@dr-nevzatsari.at\">ordination@dr-chiliban.at<\/a><br>Homepage: <a href=\"https:\/\/www.dr-chiliban.at\/\">https:\/\/www.dr-chiliban.at\/<\/a><br>Tel.: 0676 7873825<\/td><\/tr><\/tbody><\/table><\/figure>\n","protected":false},"excerpt":{"rendered":"<p>Dr.med. Renate Schied, Theodor-K\u00f6rnerstr. 54, 8010 &#8211; Graz\u00c4rztin f\u00fcr AllgemeinmedizinE-Mail: ordination.schied@gmail.comTel.0316-688883 Fax:0316-688883 20 Ing. Dr.med. Mag. Johann Schuller MSc, Savenauweg 5, 8042 &#8211; GrazZahnarzt u.Arzt f. Ganzheitsmedizin, Sauerstoff-Ozontherapie, Na-cl + Ozon TropfinfusionE-Mail: praxis@gzm-schuller.atTel. 0316 425621 Dr.med. Andreas Thumfart, Grazerstra\u00dfe 1, 8280 &#8211; F\u00fcrstenfeldFacharzt f\u00fcr Orthop\u00e4die und orthop\u00e4dische Chirurgie Sauerstoff-OzontherapieE-Mail: dr.thumfart@i-ortho.atHomepage: www.i-ortho.atTel: +43 650 765 0141 OMR .Dr.med. Winfried Koller, Steinamangerstr. 23, 8243 &#8211; PinggauArzt f\u00fcr Allgemeinmedizin u. Ganzheitsmedizin, Sauerstoff-Ozontherapie, kombinierte Ozon-Haemolasertherapie u. Na-cl + Ozon TropfinfusionTel. 03339-222 57 Fax Kl. 5 Dr.med Andreas Thumfart, Grazerstra\u00dfe 1 &#8211; 1 Stock, 8280 &#8211; F\u00fcrstenfeldFacharzt f\u00fcr Orthop\u00e4die und orthop\u00e4dische Chirurgie Sauerstoff-OzontherapieE-Mail: dr.thumfart@i-ortho.atHomepage: www.orthop\u00e4de-f\u00fcrstenfeld.atTel: +43 650 765 0141 Dr. med. Franz Hafner, Gleichenbergerstra\u00dfe 2, 8330 &#8211; FeldbachArzt f. Allgemeinmedizin u. Ganzheitsmedizin, Sauerstoff-Ozontherapie, kombinierte Ozon-Haemolasertherapie u. Na-cl + Ozon TropfinfusionTel. 03152-5150 Dr.med. Birgit Jaritz, Hauptstra\u00dfe 2, 8940 &#8211; Liezen\u00c4rztin f\u00fcr Allgemeinmedizin, An\u00e4sthesiologie u. Intensivmedizin,Sauerstoff-Ozontherapie Na-cl + Ozon TropfinfusionE-Mail: birgit.jaritz@web.deTel. 0664-3911956 Dr.med. Katrin Rosenzopf, Doktor-H.-Kravcar-Platz 1, 8570 &#8211; VoitsbergFacharzt f\u00fcr Allgemeinmedizin.E-Mail: katrin.rosenzopf@gmx.at Dr.med. Dana-Aurelia Chiliban, Am Sonnenhang 1A, 8502 &#8211; LannachFacharzt f\u00fcr Allgemeinmedizin.E-Mail: ordination@dr-chiliban.atHomepage: https:\/\/www.dr-chiliban.at\/Tel.: 0676 7873825<\/p>\n","protected":false},"author":1,"featured_media":0,"parent":0,"menu_order":0,"comment_status":"closed","ping_status":"closed","template":"","meta":{"_bbp_topic_count":0,"_bbp_reply_count":0,"_bbp_total_topic_count":0,"_bbp_total_reply_count":0,"_bbp_voice_count":0,"_bbp_anonymous_reply_count":0,"_bbp_topic_count_hidden":0,"_bbp_reply_count_hidden":0,"_bbp_forum_subforum_count":0,"footnotes":""},"class_list":["post-124","page","type-page","status-publish","hentry"],"_links":{"self":[{"href":"https:\/\/www.ozon-sauerstoff.at\/index.php?rest_route=\/wp\/v2\/pages\/124","targetHints":{"allow":["GET"]}}],"collection":[{"href":"https:\/\/www.ozon-sauerstoff.at\/index.php?rest_route=\/wp\/v2\/pages"}],"about":[{"href":"https:\/\/www.ozon-sauerstoff.at\/index.php?rest_route=\/wp\/v2\/types\/page"}],"author":[{"embeddable":true,"href":"https:\/\/www.ozon-sauerstoff.at\/index.php?rest_route=\/wp\/v2\/users\/1"}],"replies":[{"embeddable":true,"href":"https:\/\/www.ozon-sauerstoff.at\/index.php?rest_route=%2Fwp%2Fv2%2Fcomments&post=124"}],"version-history":[{"count":12,"href":"https:\/\/www.ozon-sauerstoff.at\/index.php?rest_route=\/wp\/v2\/pages\/124\/revisions"}],"predecessor-version":[{"id":845,"href":"https:\/\/www.ozon-sauerstoff.at\/index.php?rest_route=\/wp\/v2\/pages\/124\/revisions\/845"}],"wp:attachment":[{"href":"https:\/\/www.ozon-sauerstoff.at\/index.php?rest_route=%2Fwp%2Fv2%2Fmedia&parent=124"}],"curies":[{"name":"wp","href":"https:\/\/api.w.org\/{rel}","templated":true}]}}