{"id":14,"date":"2023-04-14T19:09:45","date_gmt":"2023-04-14T17:09:45","guid":{"rendered":"http:\/\/localhost\/Ozon-Sauerstoff\/?page_id=14"},"modified":"2024-10-17T10:38:17","modified_gmt":"2024-10-17T08:38:17","slug":"downloads","status":"publish","type":"page","link":"https:\/\/www.ozon-sauerstoff.at\/?page_id=14","title":{"rendered":"Downloads"},"content":{"rendered":"\n<div style=\"height:25px\" aria-hidden=\"true\" class=\"wp-block-spacer\"><\/div>\n\n\n\n<div class=\"centerDiv\">\n<a href=\"https:\/\/www.ozon-sauerstoff.at\/wp-content\/uploads\/2024\/10\/Programm-Ozonkongress-Nov.-2024-Wien.pdf\" download=\"Programm Ozonkongress Nov. 2024.pdf\"><button class=\"buttonBlue\">[Programm Ozonkongress Nov. 2024.pdf]<\/button><\/a>\n<a href=\"https:\/\/www.ozon-sauerstoff.at\/wp-content\/uploads\/2023\/11\/Moegliche-Anwendung-von-Ozon-bei-Covid-19.pdf\" download=\"M\u00f6gliche Anwendung von Ozon bei Covid 19.pdf\"><button class=\"buttonBlue\">[M\u00f6gliche Anwendung von Ozon bei Covid 19.pdf]<\/button><\/a>\n<a href=\"https:\/\/www.ozon-sauerstoff.at\/wp-content\/uploads\/2023\/11\/Potential-Role-of-Oxygen\u2013Ozone-Therapy-in-Treatment-of-COVID-19-Pneumonia.pdf\" download=\"Potential Role of Oxygen\u2013Ozone Therapy in Treatment of COVID-19 Pneumonia.pdf\"><button class=\"buttonBlue\">[Potential Role of Oxygen\u2013Ozone Therapy in Treatment of COVID-19 Pneumonia.pdf]<\/button><\/a>\n<a href=\"https:\/\/www.ozon-sauerstoff.at\/wp-content\/uploads\/2023\/11\/Uebersetzung-Ozon-und-Covid-19-_Russland_.pdf\" download=\"Uebersetzung-Ozon-und-Covid-19-_Russland_.pdf\"><button class=\"buttonBlue\">[\u00dcbersetzung Ozon und Covid 19 _Russland_.pdf]<\/button><\/a>\n<a href=\"https:\/\/www.ozon-sauerstoff.at\/wp-content\/uploads\/2023\/11\/Pressemitteilung-Ozontherapie-bei-Patienten-mit-Covid-19-in-Ibizza.pdf\" download=\"Pressemitteilung Ozontherapie bei Patienten mit Covid 19 in Ibizza.pdf\"><button class=\"buttonBlue\">[Pressemitteilung Ozontherapie bei Patienten mit Covid 19 in Ibizza.pdf]<\/button><\/a>\n<a href=\"https:\/\/www.ozon-sauerstoff.at\/wp-content\/uploads\/2023\/11\/Ozone-und-Covid.pdf\" download=\"Ozone und Covid.pdf\"><button class=\"buttonBlue\">[Ozone und Covid.pdf]<\/button><\/a>\n<a href=\"https:\/\/www.ozon-sauerstoff.at\/wp-content\/uploads\/2023\/11\/ISCO3-EPI-0004-O3-SARS-CoV-2-2020-14.03.2020.pdf\" download=\"ISCO3 EPI 0004 O3 SARS-CoV-2 2020 14.03.2020.pdf\"><button class=\"buttonBlue\">[ISCO3 EPI 0004 O3 SARS-CoV-2 2020 14.03.2020.pdf]<\/button><\/a>\n<a href=\"https:\/\/www.ozon-sauerstoff.at\/wp-content\/uploads\/2023\/11\/Stellungnahme-Covid-und-Ozon-OeGO-2020.pdf\" download=\"Stellungnahme Covid und Ozon \u00d6GO 2020.pdf\"><button class=\"buttonBlue\">[Stellungnahme Covid und Ozon \u00d6GO 2020.pdf]<\/button><\/a>\n<a href=\"https:\/\/www.ozon-sauerstoff.at\/wp-content\/uploads\/2023\/11\/OeGO-Beitrittserklaerung.pdf\" download=\"\u00d6GO Beitrittserkl\u00e4rung.pdf\"><button class=\"buttonBlue\">[\u00d6GO Beitrittserkl\u00e4rung.pdf]<\/button><\/a>\n<a href=\"https:\/\/www.ozon-sauerstoff.at\/wp-content\/uploads\/2023\/11\/Artikel-OOe-Nachrichten-COPD-Ozon.pdf\" download=\"Artikel-OOe-Nachrichten-COPD-Ozon.pdf\"><button class=\"buttonBlue\">[Artikel O\u00d6-Nachrichten COPD-Ozon.pdf]<\/button><\/a>\n<a href=\"https:\/\/link.springer.com\/book\/10.1007\/978-3-662-67508-3?source=shoppingads&#038;locale=en-at&#038;gad_source=1&#038;gclid=CjwKCAjwgfm3BhBeEiwAFfxrG2fGFdid_pF7vO2ZOTDyF9otHN7sc7HWIQZWLCmJ6hY-LakxAiMBMBoCe_AQAvD_BwE\"><button class=\"buttonBlue\">[Pr\u00e4vention und Therapie viraler Epidemien &#8211; Link]<\/button><\/a>\n<\/div>\n\n\n\n<div style=\"height:100px\" aria-hidden=\"true\" class=\"wp-block-spacer\"><\/div>\n","protected":false},"excerpt":{"rendered":"<p>[Programm Ozonkongress Nov. 2024.pdf] [M\u00f6gliche Anwendung von Ozon bei Covid 19.pdf] [Potential Role of Oxygen\u2013Ozone Therapy in Treatment of COVID-19 Pneumonia.pdf] [\u00dcbersetzung Ozon und Covid 19 _Russland_.pdf] [Pressemitteilung Ozontherapie bei Patienten mit Covid 19 in Ibizza.pdf] [Ozone und Covid.pdf] [ISCO3 EPI 0004 O3 SARS-CoV-2 2020 14.03.2020.pdf] [Stellungnahme Covid und Ozon \u00d6GO 2020.pdf] [\u00d6GO Beitrittserkl\u00e4rung.pdf] [Artikel O\u00d6-Nachrichten COPD-Ozon.pdf] [Pr\u00e4vention und Therapie viraler Epidemien &#8211; Link]<\/p>\n","protected":false},"author":1,"featured_media":0,"parent":0,"menu_order":0,"comment_status":"closed","ping_status":"closed","template":"","meta":{"_bbp_topic_count":0,"_bbp_reply_count":0,"_bbp_total_topic_count":0,"_bbp_total_reply_count":0,"_bbp_voice_count":0,"_bbp_anonymous_reply_count":0,"_bbp_topic_count_hidden":0,"_bbp_reply_count_hidden":0,"_bbp_forum_subforum_count":0,"footnotes":""},"class_list":["post-14","page","type-page","status-publish","hentry"],"_links":{"self":[{"href":"https:\/\/www.ozon-sauerstoff.at\/index.php?rest_route=\/wp\/v2\/pages\/14","targetHints":{"allow":["GET"]}}],"collection":[{"href":"https:\/\/www.ozon-sauerstoff.at\/index.php?rest_route=\/wp\/v2\/pages"}],"about":[{"href":"https:\/\/www.ozon-sauerstoff.at\/index.php?rest_route=\/wp\/v2\/types\/page"}],"author":[{"embeddable":true,"href":"https:\/\/www.ozon-sauerstoff.at\/index.php?rest_route=\/wp\/v2\/users\/1"}],"replies":[{"embeddable":true,"href":"https:\/\/www.ozon-sauerstoff.at\/index.php?rest_route=%2Fwp%2Fv2%2Fcomments&post=14"}],"version-history":[{"count":60,"href":"https:\/\/www.ozon-sauerstoff.at\/index.php?rest_route=\/wp\/v2\/pages\/14\/revisions"}],"predecessor-version":[{"id":734,"href":"https:\/\/www.ozon-sauerstoff.at\/index.php?rest_route=\/wp\/v2\/pages\/14\/revisions\/734"}],"wp:attachment":[{"href":"https:\/\/www.ozon-sauerstoff.at\/index.php?rest_route=%2Fwp%2Fv2%2Fmedia&parent=14"}],"curies":[{"name":"wp","href":"https:\/\/api.w.org\/{rel}","templated":true}]}}