{"id":558,"date":"2023-11-18T15:37:02","date_gmt":"2023-11-18T14:37:02","guid":{"rendered":"http:\/\/localhost\/Ozon-Sauerstoff\/?page_id=558"},"modified":"2023-11-18T15:37:02","modified_gmt":"2023-11-18T14:37:02","slug":"impressum","status":"publish","type":"page","link":"https:\/\/www.ozon-sauerstoff.at\/?page_id=558","title":{"rendered":"Impressum"},"content":{"rendered":"\n<p>Eine Information der \u00d6.G.O. &#8211;<br>\u00d6sterr. Gesellschaft Ozontherapie<br>Leitung: Pr\u00e4sident, Medizinalrat<br>Dr.med Walter Pleyer<\/p>\n\n\n\n<p>3920 Gr. Gerungs<br>Kreuzberg 288<br>E-mail: <a href=\"mailto:ozon-sauerstoff@aon.at\">ozon-sauerstoff@aon.at<\/a><\/p>\n","protected":false},"excerpt":{"rendered":"<p>Eine Information der \u00d6.G.O. &#8211;\u00d6sterr. Gesellschaft OzontherapieLeitung: Pr\u00e4sident, MedizinalratDr.med Walter Pleyer 3920 Gr. GerungsKreuzberg 288E-mail: ozon-sauerstoff@aon.at<\/p>\n","protected":false},"author":1,"featured_media":0,"parent":0,"menu_order":0,"comment_status":"closed","ping_status":"closed","template":"","meta":{"_bbp_topic_count":0,"_bbp_reply_count":0,"_bbp_total_topic_count":0,"_bbp_total_reply_count":0,"_bbp_voice_count":0,"_bbp_anonymous_reply_count":0,"_bbp_topic_count_hidden":0,"_bbp_reply_count_hidden":0,"_bbp_forum_subforum_count":0,"footnotes":""},"class_list":["post-558","page","type-page","status-publish","hentry"],"_links":{"self":[{"href":"https:\/\/www.ozon-sauerstoff.at\/index.php?rest_route=\/wp\/v2\/pages\/558","targetHints":{"allow":["GET"]}}],"collection":[{"href":"https:\/\/www.ozon-sauerstoff.at\/index.php?rest_route=\/wp\/v2\/pages"}],"about":[{"href":"https:\/\/www.ozon-sauerstoff.at\/index.php?rest_route=\/wp\/v2\/types\/page"}],"author":[{"embeddable":true,"href":"https:\/\/www.ozon-sauerstoff.at\/index.php?rest_route=\/wp\/v2\/users\/1"}],"replies":[{"embeddable":true,"href":"https:\/\/www.ozon-sauerstoff.at\/index.php?rest_route=%2Fwp%2Fv2%2Fcomments&post=558"}],"version-history":[{"count":1,"href":"https:\/\/www.ozon-sauerstoff.at\/index.php?rest_route=\/wp\/v2\/pages\/558\/revisions"}],"predecessor-version":[{"id":559,"href":"https:\/\/www.ozon-sauerstoff.at\/index.php?rest_route=\/wp\/v2\/pages\/558\/revisions\/559"}],"wp:attachment":[{"href":"https:\/\/www.ozon-sauerstoff.at\/index.php?rest_route=%2Fwp%2Fv2%2Fmedia&parent=558"}],"curies":[{"name":"wp","href":"https:\/\/api.w.org\/{rel}","templated":true}]}}