{"id":696,"date":"2024-05-29T09:25:17","date_gmt":"2024-05-29T07:25:17","guid":{"rendered":"https:\/\/www.ozon-sauerstoff.at\/?page_id=696"},"modified":"2024-10-09T16:44:28","modified_gmt":"2024-10-09T14:44:28","slug":"deutschland","status":"publish","type":"page","link":"https:\/\/www.ozon-sauerstoff.at\/?page_id=696","title":{"rendered":"Deutschland"},"content":{"rendered":"<nav class=\"is-responsive items-justified-center wp-block-navigation is-content-justification-center is-layout-flex wp-container-core-navigation-is-layout-16018d1d wp-block-navigation-is-layout-flex\" aria-label=\"BundeslaenderAerzte\" \n\t\t data-wp-interactive=\"core\/navigation\" data-wp-context='{\"overlayOpenedBy\":{\"click\":false,\"hover\":false,\"focus\":false},\"type\":\"overlay\",\"roleAttribute\":\"\",\"ariaLabel\":\"Men\\u00fc\"}'><button aria-haspopup=\"dialog\" aria-label=\"Men\u00fc \u00f6ffnen\" class=\"wp-block-navigation__responsive-container-open\" \n\t\t\t\tdata-wp-on--click=\"actions.openMenuOnClick\"\n\t\t\t\tdata-wp-on--keydown=\"actions.handleMenuKeydown\"\n\t\t\t><svg width=\"24\" height=\"24\" xmlns=\"http:\/\/www.w3.org\/2000\/svg\" viewBox=\"0 0 24 24\" aria-hidden=\"true\" focusable=\"false\"><path d=\"M4 7.5h16v1.5H4z\"><\/path><path d=\"M4 15h16v1.5H4z\"><\/path><\/svg><\/button>\n\t\t\t\t<div class=\"wp-block-navigation__responsive-container\"  id=\"modal-1\" \n\t\t\t\tdata-wp-class--has-modal-open=\"state.isMenuOpen\"\n\t\t\t\tdata-wp-class--is-menu-open=\"state.isMenuOpen\"\n\t\t\t\tdata-wp-watch=\"callbacks.initMenu\"\n\t\t\t\tdata-wp-on--keydown=\"actions.handleMenuKeydown\"\n\t\t\t\tdata-wp-on--focusout=\"actions.handleMenuFocusout\"\n\t\t\t\ttabindex=\"-1\"\n\t\t\t>\n\t\t\t\t\t<div class=\"wp-block-navigation__responsive-close\" tabindex=\"-1\">\n\t\t\t\t\t\t<div class=\"wp-block-navigation__responsive-dialog\" \n\t\t\t\tdata-wp-bind--aria-modal=\"state.ariaModal\"\n\t\t\t\tdata-wp-bind--aria-label=\"state.ariaLabel\"\n\t\t\t\tdata-wp-bind--role=\"state.roleAttribute\"\n\t\t\t>\n\t\t\t\t\t\t\t<button aria-label=\"Men\u00fc schlie\u00dfen\" class=\"wp-block-navigation__responsive-container-close\" \n\t\t\t\tdata-wp-on--click=\"actions.closeMenuOnClick\"\n\t\t\t><svg xmlns=\"http:\/\/www.w3.org\/2000\/svg\" viewBox=\"0 0 24 24\" width=\"24\" height=\"24\" aria-hidden=\"true\" focusable=\"false\"><path d=\"m13.06 12 6.47-6.47-1.06-1.06L12 10.94 5.53 4.47 4.47 5.53 10.94 12l-6.47 6.47 1.06 1.06L12 13.06l6.47 6.47 1.06-1.06L13.06 12Z\"><\/path><\/svg><\/button>\n\t\t\t\t\t\t\t<div class=\"wp-block-navigation__responsive-container-content\" \n\t\t\t\tdata-wp-watch=\"callbacks.focusFirstElement\"\n\t\t\t id=\"modal-1-content\">\n\t\t\t\t\t\t\t\t<ul class=\"wp-block-navigation__container is-responsive items-justified-center wp-block-navigation\"><li class=\" wp-block-navigation-item wp-block-navigation-link\"><a class=\"wp-block-navigation-item__content\"  href=\"https:\/\/ozon-sauerstoff.at\/?page_id=125\"><span class=\"wp-block-navigation-item__label\">Burgenland<\/span><\/a><\/li><li class=\" wp-block-navigation-item wp-block-navigation-link\"><a class=\"wp-block-navigation-item__content\"  href=\"https:\/\/ozon-sauerstoff.at\/?page_id=123\"><span class=\"wp-block-navigation-item__label\">K\u00e4rnten<\/span><\/a><\/li><li class=\" wp-block-navigation-item wp-block-navigation-link\"><a class=\"wp-block-navigation-item__content\"  href=\"https:\/\/ozon-sauerstoff.at\/?page_id=117\"><span class=\"wp-block-navigation-item__label\">Nieder\u00f6sterreich<\/span><\/a><\/li><li class=\" wp-block-navigation-item wp-block-navigation-link\"><a class=\"wp-block-navigation-item__content\"  href=\"https:\/\/ozon-sauerstoff.at\/?page_id=118\"><span class=\"wp-block-navigation-item__label\">Ober\u00f6sterreich<\/span><\/a><\/li><li class=\" wp-block-navigation-item wp-block-navigation-link\"><a class=\"wp-block-navigation-item__content\"  href=\"https:\/\/ozon-sauerstoff.at\/?page_id=119\"><span class=\"wp-block-navigation-item__label\">Salzburg<\/span><\/a><\/li><li class=\" wp-block-navigation-item wp-block-navigation-link\"><a class=\"wp-block-navigation-item__content\"  href=\"https:\/\/ozon-sauerstoff.at\/?page_id=124\"><span class=\"wp-block-navigation-item__label\">Steiermark<\/span><\/a><\/li><li class=\" wp-block-navigation-item wp-block-navigation-link\"><a class=\"wp-block-navigation-item__content\"  href=\"https:\/\/ozon-sauerstoff.at\/?page_id=120\"><span class=\"wp-block-navigation-item__label\">Tirol<\/span><\/a><\/li><li class=\" wp-block-navigation-item wp-block-navigation-link\"><a class=\"wp-block-navigation-item__content\"  href=\"https:\/\/ozon-sauerstoff.at\/?page_id=121\"><span class=\"wp-block-navigation-item__label\">Vorarlberg<\/span><\/a><\/li><li class=\" wp-block-navigation-item wp-block-navigation-link\"><a class=\"wp-block-navigation-item__content\"  href=\"https:\/\/ozon-sauerstoff.at\/?page_id=185\"><span class=\"wp-block-navigation-item__label\">Wien<\/span><\/a><\/li><li class=\" wp-block-navigation-item wp-block-navigation-link\"><a class=\"wp-block-navigation-item__content\"  href=\"https:\/\/www.ozon-sauerstoff.at\/?page_id=691\"><span class=\"wp-block-navigation-item__label\">Schweiz<\/span><\/a><\/li><li class=\" wp-block-navigation-item wp-block-navigation-link\"><a class=\"wp-block-navigation-item__content\"  href=\"https:\/\/www.ozon-sauerstoff.at\/?page_id=696\"><span class=\"wp-block-navigation-item__label\">Deutschland<\/span><\/a><\/li><\/ul>\n\t\t\t\t\t\t\t<\/div>\n\t\t\t\t\t\t<\/div>\n\t\t\t\t\t<\/div>\n\t\t\t\t<\/div><\/nav>\n\n<div class=\"wp-block-image is-resized is-style-rounded\">\n<figure class=\"aligncenter size-full\"><img loading=\"lazy\" decoding=\"async\" width=\"707\" height=\"863\" src=\"https:\/\/ozon-sauerstoff.at\/wp-content\/uploads\/2023\/11\/Platzhalter.jpg\" alt=\"\" class=\"wp-image-565\" style=\"width:181px;height:auto\" srcset=\"https:\/\/www.ozon-sauerstoff.at\/wp-content\/uploads\/2023\/11\/Platzhalter.jpg 707w, https:\/\/www.ozon-sauerstoff.at\/wp-content\/uploads\/2023\/11\/Platzhalter-246x300.jpg 246w\" sizes=\"auto, (max-width: 707px) 100vw, 707px\" \/><\/figure>\n<\/div>\n\n\n<figure class=\"wp-block-table aligncenter\"><table><tbody><tr><td><strong><strong><strong>Dr.med. <\/strong><\/strong>Michaela Cornehl<\/strong>, Todendorf 49, D-23769 &#8211; Fehmarn<br>Fach\u00e4rztin f\u00fcr Allgemeinmedizin.<br>E-Mail: <strong><a href=\"mailto:claudiasimon@kabelplus.at\" target=\"_blank\" rel=\"noreferrer noopener\">michaelacornehl@gmail.com<\/a><\/strong><\/td><\/tr><\/tbody><\/table><\/figure>\n\n\n<div class=\"wp-block-image is-resized is-style-rounded\">\n<figure class=\"aligncenter size-full\"><img loading=\"lazy\" decoding=\"async\" width=\"707\" height=\"863\" src=\"https:\/\/ozon-sauerstoff.at\/wp-content\/uploads\/2023\/11\/Platzhalter.jpg\" alt=\"\" class=\"wp-image-565\" style=\"width:181px;height:auto\" srcset=\"https:\/\/www.ozon-sauerstoff.at\/wp-content\/uploads\/2023\/11\/Platzhalter.jpg 707w, https:\/\/www.ozon-sauerstoff.at\/wp-content\/uploads\/2023\/11\/Platzhalter-246x300.jpg 246w\" sizes=\"auto, (max-width: 707px) 100vw, 707px\" \/><\/figure>\n<\/div>\n\n\n<figure class=\"wp-block-table aligncenter\"><table><tbody><tr><td><strong><strong><strong>Dr.med. <\/strong><\/strong>Atel Hemat<\/strong>, Neumarkt 36-38, D-50667 &#8211; K\u00f6ln<br>Facharzt f\u00fcr Allgemeinmedizin.<br>E-Mail: <a href=\"mailto:info@dratelhemat.com\">info@dratelhemat.com<\/a> <br>Homepage: <a href=\"http:\/\/www.dratelhemat.at\" data-type=\"link\" data-id=\"www.dratelhemat.at\">www.dratelhemat.at<\/a><br>Tel.: +49 (0)221 64306227<\/td><\/tr><\/tbody><\/table><\/figure>\n","protected":false},"excerpt":{"rendered":"<p>Dr.med. Michaela Cornehl, Todendorf 49, D-23769 &#8211; FehmarnFach\u00e4rztin f\u00fcr Allgemeinmedizin.E-Mail: michaelacornehl@gmail.com Dr.med. Atel Hemat, Neumarkt 36-38, D-50667 &#8211; K\u00f6lnFacharzt f\u00fcr Allgemeinmedizin.E-Mail: info@dratelhemat.com Homepage: www.dratelhemat.atTel.: +49 (0)221 64306227<\/p>\n","protected":false},"author":1,"featured_media":0,"parent":0,"menu_order":0,"comment_status":"closed","ping_status":"closed","template":"","meta":{"_bbp_topic_count":0,"_bbp_reply_count":0,"_bbp_total_topic_count":0,"_bbp_total_reply_count":0,"_bbp_voice_count":0,"_bbp_anonymous_reply_count":0,"_bbp_topic_count_hidden":0,"_bbp_reply_count_hidden":0,"_bbp_forum_subforum_count":0,"footnotes":""},"class_list":["post-696","page","type-page","status-publish","hentry"],"_links":{"self":[{"href":"https:\/\/www.ozon-sauerstoff.at\/index.php?rest_route=\/wp\/v2\/pages\/696","targetHints":{"allow":["GET"]}}],"collection":[{"href":"https:\/\/www.ozon-sauerstoff.at\/index.php?rest_route=\/wp\/v2\/pages"}],"about":[{"href":"https:\/\/www.ozon-sauerstoff.at\/index.php?rest_route=\/wp\/v2\/types\/page"}],"author":[{"embeddable":true,"href":"https:\/\/www.ozon-sauerstoff.at\/index.php?rest_route=\/wp\/v2\/users\/1"}],"replies":[{"embeddable":true,"href":"https:\/\/www.ozon-sauerstoff.at\/index.php?rest_route=%2Fwp%2Fv2%2Fcomments&post=696"}],"version-history":[{"count":4,"href":"https:\/\/www.ozon-sauerstoff.at\/index.php?rest_route=\/wp\/v2\/pages\/696\/revisions"}],"predecessor-version":[{"id":730,"href":"https:\/\/www.ozon-sauerstoff.at\/index.php?rest_route=\/wp\/v2\/pages\/696\/revisions\/730"}],"wp:attachment":[{"href":"https:\/\/www.ozon-sauerstoff.at\/index.php?rest_route=%2Fwp%2Fv2%2Fmedia&parent=696"}],"curies":[{"name":"wp","href":"https:\/\/api.w.org\/{rel}","templated":true}]}}