{"id":7,"date":"2023-04-14T19:09:45","date_gmt":"2023-04-14T17:09:45","guid":{"rendered":"http:\/\/localhost\/Ozon-Sauerstoff\/?page_id=7"},"modified":"2023-04-14T19:57:01","modified_gmt":"2023-04-14T17:57:01","slug":"wirkung","status":"publish","type":"page","link":"https:\/\/www.ozon-sauerstoff.at\/?page_id=7","title":{"rendered":"Wirkung"},"content":{"rendered":"\n<h2 class=\"has-text-align-center wp-block-heading\"><strong>Wie wirkt medical Ozon<\/strong><\/h2>\n\n\n\n<p><strong>Durchblutungsf\u00f6rdernd<\/strong>&nbsp;durch Verbesserung der Flie\u00dfeigenschaft des Blutes \u2013 auch durch die kleinsten Gef\u00e4\u00dfe kann wieder besser Blut flie\u00dfen und das Gewebe mit mehr Sauerstoff versorgen. Die Sauerstoffaufnahme und der Sauerstofftransport im Blutkreislaufsystem sowie die Sauerstoffnutzung werden g\u00fcnstig beeinflusst, medical Ozon bewirkt eine bessere Sauerstoffvigilanz im arteriellen und ven\u00f6sen&nbsp;&nbsp;Blutkreislaufsystem.&nbsp;<\/p>\n\n\n\n<p><strong>Stoffwechselaktivierend<\/strong>, durch bessere Energiebereit- stellung f\u00fcr den Stoffaustausch der Zelle. Cholesterin-, Triglycerid-, Harns\u00e4ure-, Blutzucker- und Leberwerte werden verbessert.<\/p>\n\n\n\n<p><strong>Entz\u00fcndungshemmend<\/strong>,&nbsp;<strong>&nbsp;<\/strong>medical Ozon wirkt gegen sch\u00e4dliche Bakterien, Viren u. Pilze.<\/p>\n\n\n\n<p><strong>Entgiftend<\/strong>, medical Ozon unterst\u00fctzt die Entgiftungsprozesse der Leber.<\/p>\n\n\n\n<p><strong>Vitalisierend<\/strong>, medical Ozon setzt Energie frei, erh\u00f6ht die ATP-Bildung, verbessert geistige&nbsp;und k\u00f6rperliche Leistungs-\/Antriebskraft, bringt potenz- u. libidof\u00f6rdernde Wirkung.<br><br><strong>medical Ozon&nbsp;<\/strong>ist ein gasf\u00f6rmiges Element und Sauerstoff in reinster Form<\/p>\n\n\n\n<hr class=\"wp-block-separator has-alpha-channel-opacity\"\/>\n\n\n\n<p><\/p>\n\n\n\n<h2 class=\"has-text-align-center wp-block-heading\"><strong>Die Ozon-Sauerstoff-Therapie ist systemorientierte Behandlung!<\/strong><\/h2>\n\n\n\n<p>Dies bedeutet, dass w\u00e4hrend einer Kur mit medical Ozon nicht nur die Beschwerden, weswegen diese Behandlung begonnen wurde, causal therapiert werden. Auch andere\u00a0St\u00f6rungen die nicht, oder noch nicht beachtet wurden werden positiv beeinflusst.<\/p>\n\n\n\n<hr class=\"wp-block-separator has-alpha-channel-opacity\"\/>\n\n\n\n<p><\/p>\n\n\n\n<h2 class=\"has-text-align-center wp-block-heading\"><strong>Mit Ozon-Sauerstoff-Therapie gesund und vital bin ins hohe Alter<\/strong><\/h2>\n\n\n\n<p>Medical Ozon n\u00fctzt dem gesamten Organismus, verbessert die Sauerstoffversorgung derZellen, ist Energielieferant f\u00fcr den Zellstoffwechsel, st\u00e4rkt das Immunsystem und erh\u00f6ht die k\u00f6rperliche und geistige Leistungskraft.<\/p>\n","protected":false},"excerpt":{"rendered":"<p>Wie wirkt medical Ozon Durchblutungsf\u00f6rdernd&nbsp;durch Verbesserung der Flie\u00dfeigenschaft des Blutes \u2013 auch durch die kleinsten Gef\u00e4\u00dfe kann wieder besser Blut flie\u00dfen und das Gewebe mit mehr Sauerstoff versorgen. Die Sauerstoffaufnahme und der Sauerstofftransport im Blutkreislaufsystem sowie die Sauerstoffnutzung werden g\u00fcnstig beeinflusst, medical Ozon bewirkt eine bessere Sauerstoffvigilanz im arteriellen und ven\u00f6sen&nbsp;&nbsp;Blutkreislaufsystem.&nbsp; Stoffwechselaktivierend, durch bessere Energiebereit- stellung f\u00fcr den Stoffaustausch der Zelle. Cholesterin-, Triglycerid-, Harns\u00e4ure-, Blutzucker- und Leberwerte werden verbessert. Entz\u00fcndungshemmend,&nbsp;&nbsp;medical Ozon wirkt gegen sch\u00e4dliche Bakterien, Viren u. Pilze. Entgiftend, medical Ozon unterst\u00fctzt die Entgiftungsprozesse der Leber. Vitalisierend, medical Ozon setzt Energie frei, erh\u00f6ht die ATP-Bildung, verbessert geistige&nbsp;und k\u00f6rperliche Leistungs-\/Antriebskraft, bringt potenz- u. libidof\u00f6rdernde Wirkung. medical Ozon&nbsp;ist ein gasf\u00f6rmiges Element und Sauerstoff in reinster Form Die Ozon-Sauerstoff-Therapie ist systemorientierte Behandlung! Dies bedeutet, dass w\u00e4hrend einer Kur mit medical Ozon nicht nur die Beschwerden, weswegen diese Behandlung begonnen wurde, causal therapiert werden. Auch andere\u00a0St\u00f6rungen die nicht, oder noch nicht beachtet wurden werden positiv beeinflusst. Mit Ozon-Sauerstoff-Therapie gesund und vital bin ins hohe Alter Medical Ozon n\u00fctzt dem gesamten Organismus, verbessert die Sauerstoffversorgung derZellen, ist Energielieferant f\u00fcr den Zellstoffwechsel, st\u00e4rkt das Immunsystem und erh\u00f6ht die k\u00f6rperliche und geistige Leistungskraft.<\/p>\n","protected":false},"author":1,"featured_media":0,"parent":0,"menu_order":0,"comment_status":"closed","ping_status":"closed","template":"","meta":{"_bbp_topic_count":0,"_bbp_reply_count":0,"_bbp_total_topic_count":0,"_bbp_total_reply_count":0,"_bbp_voice_count":0,"_bbp_anonymous_reply_count":0,"_bbp_topic_count_hidden":0,"_bbp_reply_count_hidden":0,"_bbp_forum_subforum_count":0,"footnotes":""},"class_list":["post-7","page","type-page","status-publish","hentry"],"_links":{"self":[{"href":"https:\/\/www.ozon-sauerstoff.at\/index.php?rest_route=\/wp\/v2\/pages\/7","targetHints":{"allow":["GET"]}}],"collection":[{"href":"https:\/\/www.ozon-sauerstoff.at\/index.php?rest_route=\/wp\/v2\/pages"}],"about":[{"href":"https:\/\/www.ozon-sauerstoff.at\/index.php?rest_route=\/wp\/v2\/types\/page"}],"author":[{"embeddable":true,"href":"https:\/\/www.ozon-sauerstoff.at\/index.php?rest_route=\/wp\/v2\/users\/1"}],"replies":[{"embeddable":true,"href":"https:\/\/www.ozon-sauerstoff.at\/index.php?rest_route=%2Fwp%2Fv2%2Fcomments&post=7"}],"version-history":[{"count":7,"href":"https:\/\/www.ozon-sauerstoff.at\/index.php?rest_route=\/wp\/v2\/pages\/7\/revisions"}],"predecessor-version":[{"id":74,"href":"https:\/\/www.ozon-sauerstoff.at\/index.php?rest_route=\/wp\/v2\/pages\/7\/revisions\/74"}],"wp:attachment":[{"href":"https:\/\/www.ozon-sauerstoff.at\/index.php?rest_route=%2Fwp%2Fv2%2Fmedia&parent=7"}],"curies":[{"name":"wp","href":"https:\/\/api.w.org\/{rel}","templated":true}]}}