{"id":8,"date":"2023-04-14T19:09:45","date_gmt":"2023-04-14T17:09:45","guid":{"rendered":"http:\/\/localhost\/Ozon-Sauerstoff\/?page_id=8"},"modified":"2023-07-27T11:33:57","modified_gmt":"2023-07-27T09:33:57","slug":"anwendung","status":"publish","type":"page","link":"https:\/\/www.ozon-sauerstoff.at\/?page_id=8","title":{"rendered":"Anwendung"},"content":{"rendered":"\n<p>Medical Ozon wird je nach Beschwerden, Krankheiten, oder als Vorbeugemedizin bzw. Vitalisierungstherapie in unterschiedlicher Form angewendet. Die Vielfalt der Therapie-M\u00f6glichkeiten erlaubt eine gezielte, der Indikation entsprechende Wahl der Vorgangsweise.&nbsp;<\/p>\n\n\n\n<p><strong><u>Die neue parenterale Ozontherapie<br><\/u>Kochsalzinfusion mit Sauerstoff-Ozon<br><\/strong>Die Na-cl Infusionsl\u00f6sung wird mit Sauerstoff-Ozon angereichert und danach als Tropfinfusion verabreicht.<br>Die Vorteile:<br>&nbsp;&nbsp;&nbsp;&nbsp;&nbsp;&nbsp;&nbsp;&nbsp;&#8211; besserer Ozonkontakt mit dem ven\u00f6sen Blut<br>&nbsp;&nbsp;&nbsp;&nbsp;&nbsp;&nbsp;&nbsp;&nbsp;&#8211; gute Wirkumverteilung im gesamten Blutkreislauf<br>&nbsp;&nbsp;&nbsp;&nbsp;&nbsp;&nbsp;&nbsp;&nbsp;&#8211; keine Blutabnahme notwendig<br>&nbsp;&nbsp;&nbsp;&nbsp;&nbsp;&nbsp;&nbsp;&nbsp;&#8211; nur d\u00fcnne Venenkan\u00fcle erforderlich<br>Immer mehr \u00c4rzte im Praxis- und Klinikbereich sehen in dieser Theraphieform einen wesentlichen Fortschritt.<\/p>\n\n\n\n<p><strong><u>Gro\u00dfe Eigenblutbehandlung<\/u><\/strong>&nbsp;&nbsp;Durchf\u00fchrung:&nbsp;&nbsp;es werden 150 bis 200ml Blut aus&nbsp;der Vene in eine Behandlungsflasche geleitet, in dieser mit medical Ozon angereichert und danach sofort wieder in die Vene zur\u00fcckgef\u00fchrt. Das behandelte Blut ist durch eine deutliche Erhellung (bis hellrot) zu erkennen. Diese Form der Behandlung ist gut wirksam, noch besser scheint aber die Na-cl + Ozon-Infusion zu sein. (Behandlungsdauer ca. 30 Minuten)<\/p>\n\n\n\n<p><strong><u>Interventionelle Radiologie mit Sauerstoff-Ozon<br><\/u>Kleiner Eingriff mit gro\u00dfer Wirkung<\/strong><br>Wer kennt sie nicht, die oft zerm\u00fcrbenden R\u00fcckenschmerzen? Etwa 80% der arbeitenden Bev\u00f6lkerung, unabh\u00e4ngig vom Geschlecht, leiden zeitweise an solchen &#8222;Kreuzschmerzen&#8220;, ungeachtet dessen, ob sie nun eine k\u00f6rperlich belastende Arbeit oder sitzende T\u00e4tigkeit aus\u00fcben. Diese Schmerzen k\u00f6nnen unterschiedlich stark auftreten und auf verschiedenen Ebenen sp\u00fcrbar sein. In den hochentwickelten Industrienationen stellen R\u00fcckenschmerzen die h\u00e4ufigste Ursache von Krankenst\u00e4nden dar. Dabei liegen in nur 60% nachweisbare krankhafte Ver\u00e4nderungen der Wirbeks\u00e4ule vor, wie eine Verkr\u00fcmmung oder ein Bandscheibenvorfall.<br>Der Bandscheibenvorfall ist die bekannteste und gef\u00fcrchtetste Ursache von R\u00fcckenschmerzen, wenn auch nicht die h\u00e4ufigste. Durch den Vorfall k\u00f6nnen benachbarte Nervenwurzeln zusammengedr\u00fcckt und die typischen, akut ausstrahlenden Schmerzen hervorgerufen werden. In schweren F\u00e4llen k\u00f6nnen sich auch Gef\u00fchlsst\u00f6rungen, Kraftminderung bis hin zur L\u00e4hmung entwickeln.<br>Die Chemonukleolyse mit Ozon ist die radiologisch gesteuerte Injektion von Ozon in die erkrankten Bandscheiben, die als minimal invasiver Eingriff ohne Narkose durchgef\u00fchrt wird. Die Durchblutung wird durch diesen Eingriff verbessert und die Enz\u00fcndung in der erkrankten Bandscheibe vermindert. Ozon vermindert den Wassergehalt des weichen Kerns der Bandscheibe und dadurch des gesamten Bandscheibenvolumens, welches auf die Nervenwurzeln dr\u00fcckt. Es verbessert die Mikrozirkulation und damit die Sauerstoffzufuhr f\u00fcr die schmerzhaften Nervenwurzeln. welche empfindlich auf chronischen Sauerstoffmangel reagieren.<\/p>\n\n\n\n<p><strong>Die kombinierte Sauerstoff-Ozon u. Haemolasertherapie<\/strong><br>Bei der gro\u00dfen Eigenblutbehandlung mit Sauerstoff-Ozon also auch bei der Kochsalzinfusion mit Sauerstoff-Ozon wird das angereicherte Blut bzw. die angereicherte Na-cl-L\u00f6sung mit Laser und (oder) unterschiedlichen Lichtfrequenzen bestrahlt. Lichtquanten k\u00f6nnen so von der K\u00f6rperzelle absorbiert werden und das Energiepotential verbessern. Je nach gew\u00fcnschtem Effekt werden jeweilige Frequenzen und Farben aktiviert. Lichtfrequenzen gelangen also geleichzeitig in den Organismus und entfalten zus\u00e4tzliche positive Wirkungen!<\/p>\n\n\n\n<h3 class=\"wp-block-heading\"><strong><u>Eigenschaften der Lichtfrequenzen<\/u><\/strong><\/h3>\n\n\n\n<figure class=\"wp-block-table\"><table><tbody><tr><td><strong>Rot:<\/strong><\/td><td>Stimulans f\u00fcr Sinne, anregend f\u00fcr die Leber, F\u00f6rderung der&nbsp; Blutbildung<\/td><\/tr><tr><td><strong>Gr\u00fcn:&nbsp;&nbsp;<\/strong><\/td><td>Stimuliert die Hypophyse, baut Muskel u. Gewebe auf, wirkt desinfizierend<\/td><\/tr><tr><td><strong>Blau:<\/strong><\/td><td>beruhigend, blutdrucksenkend, k\u00fchlend<\/td><\/tr><tr><td><strong>Gelb:<\/strong><\/td><td>ausgleichend, aufmunternd, anregend<\/td><\/tr><tr><td><\/td><td><\/td><\/tr><tr><td><strong>Farblichtfrequenz-Kombination u. Eigenschaften:<\/strong>&nbsp;Rot&nbsp;+&nbsp;Gr\u00fcn<br>Gelb&nbsp;+&nbsp;Gr\u00fcn<br>Gelb&nbsp;+&nbsp;Blau<br>Rot&nbsp;+&nbsp;Gelb<br>Gr\u00fcn&nbsp;+&nbsp;Blaualterungsverz\u00f6gernd<br>Akne<br>Frigidit\u00e4t, Impotenz<br>Hautprobleme<br>Schlaflosigkeit<\/td><td><\/td><\/tr><\/tbody><\/table><\/figure>\n\n\n\n<p><strong><u><strong>Kleine Eigenblutbehandlung<\/strong><\/u><\/strong>&nbsp;&nbsp;5 bis 10ml Blut werden aus der Vene entnommen, in einer Spritze mit medical Ozon angereichert und danach intramuskul\u00e4r verabreicht. (Immunstimulierende Wirkung)<\/p>\n\n\n\n<p><strong><u><strong>Rektale Insufflation<\/strong><\/u><\/strong>&nbsp;&nbsp;medical Ozon wird durch einen rektal gelegten Kateter in den Dickdarm eingebracht. Diese Behandlungsdurchf\u00fchrung ist schmerzfrei und unkompliziert, deswegen auch eine ideale Behandlungsform f\u00fcr Kinder u. Kleinkinder. Medical Ozon wird nicht nur im Darm selbst wirksam, sondern diffundiert durch die Darmwand \u2013 wird vom Blut aufgenommen und kann so seine Wirksamkeit entfalten.<br>&nbsp;&nbsp;&nbsp;&nbsp;&nbsp;&nbsp;&nbsp;&nbsp;&nbsp;&nbsp;&nbsp;&nbsp;&nbsp;&nbsp;&nbsp;<em>Kinder:&nbsp;&nbsp;10 \u2013 50 ml&nbsp;&nbsp;&nbsp;&nbsp;&nbsp;&nbsp;&nbsp;&nbsp;&nbsp;&nbsp;&nbsp;Erwachsene:&nbsp;&nbsp;100 \u2013 700 ml<\/em><\/p>\n\n\n\n<p><strong><u><strong>Subcutane intracutane Sauerstoff-Ozon Injektion<\/strong><\/u><\/strong>&nbsp;&nbsp;medical Ozon wird in bzw. unter die Haut injeziert. (z.B. lokale Schmerztherapie usw.)<\/p>\n\n\n\n<p><strong><u><strong>Intramuskul\u00e4re Injektion<\/strong><\/u><\/strong>&nbsp;&nbsp;medical Ozon wird intramuskul\u00e4r injeziert.<\/p>\n\n\n\n<p><strong><u><strong>Wundbeflutung<\/strong><\/u><\/strong>&nbsp;&#8211;&nbsp;Beispiel:&nbsp;&nbsp;Bein mit offener, schwer heilender Wunde wird mit einem Kunststoffbeutel umh\u00fcllt \u2013 zuerst die darin befindliche Luft abgesaugt und danach medical Ozon mit hoher Konzentration eingeleitet. Nach einer Einwirkdauer von ca. 15-20 Minuten wird restliches Ozon wieder abgesaugt.<\/p>\n\n\n\n<p><strong><u><strong>Vaginale Insufflation<\/strong><\/u><\/strong>&nbsp;siehe \u201e<a href=\"https:\/\/ozon-sauerstoff.at\/krankh.htm\">Krankheiten \/ Beschwerden<\/a>&#8220;&nbsp;<\/p>\n\n\n\n<p><strong><u>Ozonwasser<\/u><\/strong>&nbsp;mit medical Ozon angereichertes Wasser&nbsp;&nbsp;(Aqua bidest.) f\u00fcr Trinkkur,&nbsp;Sp\u00fclungen, Wundreinigung etc.<\/p>\n","protected":false},"excerpt":{"rendered":"<p>Medical Ozon wird je nach Beschwerden, Krankheiten, oder als Vorbeugemedizin bzw. Vitalisierungstherapie in unterschiedlicher Form angewendet. Die Vielfalt der Therapie-M\u00f6glichkeiten erlaubt eine gezielte, der Indikation entsprechende Wahl der Vorgangsweise.&nbsp; Die neue parenterale OzontherapieKochsalzinfusion mit Sauerstoff-OzonDie Na-cl Infusionsl\u00f6sung wird mit Sauerstoff-Ozon angereichert und danach als Tropfinfusion verabreicht.Die Vorteile:&nbsp;&nbsp;&nbsp;&nbsp;&nbsp;&nbsp;&nbsp;&nbsp;&#8211; besserer Ozonkontakt mit dem ven\u00f6sen Blut&nbsp;&nbsp;&nbsp;&nbsp;&nbsp;&nbsp;&nbsp;&nbsp;&#8211; gute Wirkumverteilung im gesamten Blutkreislauf&nbsp;&nbsp;&nbsp;&nbsp;&nbsp;&nbsp;&nbsp;&nbsp;&#8211; keine Blutabnahme notwendig&nbsp;&nbsp;&nbsp;&nbsp;&nbsp;&nbsp;&nbsp;&nbsp;&#8211; nur d\u00fcnne Venenkan\u00fcle erforderlichImmer mehr \u00c4rzte im Praxis- und Klinikbereich sehen in dieser Theraphieform einen wesentlichen Fortschritt. Gro\u00dfe Eigenblutbehandlung&nbsp;&nbsp;Durchf\u00fchrung:&nbsp;&nbsp;es werden 150 bis 200ml Blut aus&nbsp;der Vene in eine Behandlungsflasche geleitet, in dieser mit medical Ozon angereichert und danach sofort wieder in die Vene zur\u00fcckgef\u00fchrt. Das behandelte Blut ist durch eine deutliche Erhellung (bis hellrot) zu erkennen. Diese Form der Behandlung ist gut wirksam, noch besser scheint aber die Na-cl + Ozon-Infusion zu sein. (Behandlungsdauer ca. 30 Minuten) Interventionelle Radiologie mit Sauerstoff-OzonKleiner Eingriff mit gro\u00dfer WirkungWer kennt sie nicht, die oft zerm\u00fcrbenden R\u00fcckenschmerzen? Etwa 80% der arbeitenden Bev\u00f6lkerung, unabh\u00e4ngig vom Geschlecht, leiden zeitweise an solchen &#8222;Kreuzschmerzen&#8220;, ungeachtet dessen, ob sie nun eine k\u00f6rperlich belastende Arbeit oder sitzende T\u00e4tigkeit aus\u00fcben. Diese Schmerzen k\u00f6nnen unterschiedlich stark auftreten und auf verschiedenen Ebenen sp\u00fcrbar sein. In den hochentwickelten Industrienationen stellen R\u00fcckenschmerzen die h\u00e4ufigste Ursache von Krankenst\u00e4nden dar. Dabei liegen in nur 60% nachweisbare krankhafte Ver\u00e4nderungen der Wirbeks\u00e4ule vor, wie eine Verkr\u00fcmmung oder ein Bandscheibenvorfall.Der Bandscheibenvorfall ist die bekannteste und gef\u00fcrchtetste Ursache von R\u00fcckenschmerzen, wenn auch nicht die h\u00e4ufigste. Durch den Vorfall k\u00f6nnen benachbarte Nervenwurzeln zusammengedr\u00fcckt und die typischen, akut ausstrahlenden Schmerzen hervorgerufen werden. In schweren F\u00e4llen k\u00f6nnen sich auch Gef\u00fchlsst\u00f6rungen, Kraftminderung bis hin zur L\u00e4hmung entwickeln.Die Chemonukleolyse mit Ozon ist die radiologisch gesteuerte Injektion von Ozon in die erkrankten Bandscheiben, die als minimal invasiver Eingriff ohne Narkose durchgef\u00fchrt wird. Die Durchblutung wird durch diesen Eingriff verbessert und die Enz\u00fcndung in der erkrankten Bandscheibe vermindert. Ozon vermindert den Wassergehalt des weichen Kerns der Bandscheibe und dadurch des gesamten Bandscheibenvolumens, welches auf die Nervenwurzeln dr\u00fcckt. Es verbessert die Mikrozirkulation und damit die Sauerstoffzufuhr f\u00fcr die schmerzhaften Nervenwurzeln. welche empfindlich auf chronischen Sauerstoffmangel reagieren. Die kombinierte Sauerstoff-Ozon u. HaemolasertherapieBei der gro\u00dfen Eigenblutbehandlung mit Sauerstoff-Ozon also auch bei der Kochsalzinfusion mit Sauerstoff-Ozon wird das angereicherte Blut bzw. die angereicherte Na-cl-L\u00f6sung mit Laser und (oder) unterschiedlichen Lichtfrequenzen bestrahlt. Lichtquanten k\u00f6nnen so von der K\u00f6rperzelle absorbiert werden und das Energiepotential verbessern. Je nach gew\u00fcnschtem Effekt werden jeweilige Frequenzen und Farben aktiviert. Lichtfrequenzen gelangen also geleichzeitig in den Organismus und entfalten zus\u00e4tzliche positive Wirkungen! Eigenschaften der Lichtfrequenzen Rot: Stimulans f\u00fcr Sinne, anregend f\u00fcr die Leber, F\u00f6rderung der&nbsp; Blutbildung Gr\u00fcn:&nbsp;&nbsp; Stimuliert die Hypophyse, baut Muskel u. Gewebe auf, wirkt desinfizierend Blau: beruhigend, blutdrucksenkend, k\u00fchlend Gelb: ausgleichend, aufmunternd, anregend Farblichtfrequenz-Kombination u. Eigenschaften:&nbsp;Rot&nbsp;+&nbsp;Gr\u00fcnGelb&nbsp;+&nbsp;Gr\u00fcnGelb&nbsp;+&nbsp;BlauRot&nbsp;+&nbsp;GelbGr\u00fcn&nbsp;+&nbsp;Blaualterungsverz\u00f6gerndAkneFrigidit\u00e4t, ImpotenzHautproblemeSchlaflosigkeit Kleine Eigenblutbehandlung&nbsp;&nbsp;5 bis 10ml Blut werden aus der Vene entnommen, in einer Spritze mit medical Ozon angereichert und danach intramuskul\u00e4r verabreicht. (Immunstimulierende Wirkung) Rektale Insufflation&nbsp;&nbsp;medical Ozon wird durch einen rektal gelegten Kateter in den Dickdarm eingebracht. Diese Behandlungsdurchf\u00fchrung ist schmerzfrei und unkompliziert, deswegen auch eine ideale Behandlungsform f\u00fcr Kinder u. Kleinkinder. Medical Ozon wird nicht nur im Darm selbst wirksam, sondern diffundiert durch die Darmwand \u2013 wird vom Blut aufgenommen und kann so seine Wirksamkeit entfalten.&nbsp;&nbsp;&nbsp;&nbsp;&nbsp;&nbsp;&nbsp;&nbsp;&nbsp;&nbsp;&nbsp;&nbsp;&nbsp;&nbsp;&nbsp;Kinder:&nbsp;&nbsp;10 \u2013 50 ml&nbsp;&nbsp;&nbsp;&nbsp;&nbsp;&nbsp;&nbsp;&nbsp;&nbsp;&nbsp;&nbsp;Erwachsene:&nbsp;&nbsp;100 \u2013 700 ml Subcutane intracutane Sauerstoff-Ozon Injektion&nbsp;&nbsp;medical Ozon wird in bzw. unter die Haut injeziert. (z.B. lokale Schmerztherapie usw.) Intramuskul\u00e4re Injektion&nbsp;&nbsp;medical Ozon wird intramuskul\u00e4r injeziert. Wundbeflutung&nbsp;&#8211;&nbsp;Beispiel:&nbsp;&nbsp;Bein mit offener, schwer heilender Wunde wird mit einem Kunststoffbeutel umh\u00fcllt \u2013 zuerst die darin befindliche Luft abgesaugt und danach medical Ozon mit hoher Konzentration eingeleitet. Nach einer Einwirkdauer von ca. 15-20 Minuten wird restliches Ozon wieder abgesaugt. Vaginale Insufflation&nbsp;siehe \u201eKrankheiten \/ Beschwerden&#8220;&nbsp; Ozonwasser&nbsp;mit medical Ozon angereichertes Wasser&nbsp;&nbsp;(Aqua bidest.) f\u00fcr Trinkkur,&nbsp;Sp\u00fclungen, Wundreinigung etc.<\/p>\n","protected":false},"author":1,"featured_media":0,"parent":0,"menu_order":0,"comment_status":"closed","ping_status":"closed","template":"","meta":{"_bbp_topic_count":0,"_bbp_reply_count":0,"_bbp_total_topic_count":0,"_bbp_total_reply_count":0,"_bbp_voice_count":0,"_bbp_anonymous_reply_count":0,"_bbp_topic_count_hidden":0,"_bbp_reply_count_hidden":0,"_bbp_forum_subforum_count":0,"footnotes":""},"class_list":["post-8","page","type-page","status-publish","hentry"],"_links":{"self":[{"href":"https:\/\/www.ozon-sauerstoff.at\/index.php?rest_route=\/wp\/v2\/pages\/8","targetHints":{"allow":["GET"]}}],"collection":[{"href":"https:\/\/www.ozon-sauerstoff.at\/index.php?rest_route=\/wp\/v2\/pages"}],"about":[{"href":"https:\/\/www.ozon-sauerstoff.at\/index.php?rest_route=\/wp\/v2\/types\/page"}],"author":[{"embeddable":true,"href":"https:\/\/www.ozon-sauerstoff.at\/index.php?rest_route=\/wp\/v2\/users\/1"}],"replies":[{"embeddable":true,"href":"https:\/\/www.ozon-sauerstoff.at\/index.php?rest_route=%2Fwp%2Fv2%2Fcomments&post=8"}],"version-history":[{"count":2,"href":"https:\/\/www.ozon-sauerstoff.at\/index.php?rest_route=\/wp\/v2\/pages\/8\/revisions"}],"predecessor-version":[{"id":159,"href":"https:\/\/www.ozon-sauerstoff.at\/index.php?rest_route=\/wp\/v2\/pages\/8\/revisions\/159"}],"wp:attachment":[{"href":"https:\/\/www.ozon-sauerstoff.at\/index.php?rest_route=%2Fwp%2Fv2%2Fmedia&parent=8"}],"curies":[{"name":"wp","href":"https:\/\/api.w.org\/{rel}","templated":true}]}}