{"id":9,"date":"2023-04-14T19:09:45","date_gmt":"2023-04-14T17:09:45","guid":{"rendered":"http:\/\/localhost\/Ozon-Sauerstoff\/?page_id=9"},"modified":"2023-07-27T11:34:31","modified_gmt":"2023-07-27T09:34:31","slug":"krankheit-beschwerde","status":"publish","type":"page","link":"https:\/\/www.ozon-sauerstoff.at\/?page_id=9","title":{"rendered":"Krankheit\/Beschwerde"},"content":{"rendered":"\n<p>Durchblutungsst\u00f6rungen<\/p>\n\n\n\n<figure class=\"wp-block-table\"><table><tbody><tr><td>Beispiele:<\/td><td>Arteriosklerose (Gef\u00e4\u00dfverkalkung), arterielle Verschlusskrankheit, coronare Herzkrankheit, Angina pectoris, zur Vorbeugung oder Nachbehandlung von Herzinfarkt u. Schlaganfall, Claudicatio intermitens (Schaufensterkrankheit), Ulcus cruris (offene Beine), diabetische Gangr\u00e4n (Raucherbein), gef\u00e4\u00dfbedingter Kopfschmerz, Migr\u00e4ne, Drehschwindel, Tinnitus, Schlafst\u00f6rungen, M\u00fcdigkeit.<\/td><\/tr><tr><td>Therapie:<\/td><td>Na-cl + Ozon Tropfinfusion oder gro\u00dfe Eigenblutbehandlung, (bei Ulcus crur. evtl. zus\u00e4tzlich Wundbeflutung, Ozonwasser, Oliven\u00f6l mit Ozon), (Alternative &#8211; rektale Insufflation)<\/td><\/tr><\/tbody><\/table><\/figure>\n\n\n\n<p>Stoffwechselst\u00f6rungen<\/p>\n\n\n\n<figure class=\"wp-block-table\"><table><tbody><tr><td>Beispiele:<\/td><td>erh\u00f6hte Cholesterin-, Triglyceride-, Harns\u00e4ure-, Blutzucker-, Leberwerte<\/td><\/tr><tr><td>Therapie:<\/td><td>Na-cl + Ozon Tropfinfusion oder gro\u00dfe Eigenblutbehandlung, (Alternative- rektale Insufflation)<\/td><\/tr><\/tbody><\/table><\/figure>\n\n\n\n<p>Lungenerkrankung<\/p>\n\n\n\n<figure class=\"wp-block-table\"><table><tbody><tr><td>Beispiele:<\/td><td>COPD ist eine schwerwiegende Atemwegserkrankung<\/td><\/tr><tr><td>Therapie:<\/td><td>NaCl + Ozon-Tropfinfusion<\/td><\/tr><\/tbody><\/table><\/figure>\n\n\n\n<p>Lebererkrankungen<\/p>\n\n\n\n<figure class=\"wp-block-table\"><table><tbody><tr><td>Beispiele:<\/td><td>infekti\u00f6se Hepatitis Typ B oder C, Leberparenchymsch\u00e4den, Pankreopathien.<\/td><\/tr><tr><td>Therapie:<\/td><td>Na-cl + Ozon Tropfinfusion oder gro\u00dfe Eigenblutbehandlung oder rektale Insufflation<\/td><\/tr><\/tbody><\/table><\/figure>\n\n\n\n<p>Entz\u00fcndungen &#8211; akut oder chronisch<\/p>\n\n\n\n<figure class=\"wp-block-table\"><table><tbody><tr><td>Beispiele:<\/td><td>Weichteil- u. Gelenksrheumatismus, Gelenksabn\u00fctzung, Ischias, Hexenschuss, Bandscheiben- u. Wirbels\u00e4ulenleiden, Sehnenscheidenentz\u00fcndungen<\/td><\/tr><tr><td>Therapie:<\/td><td>Na-cl + Ozon Tropfinfusion oder gro\u00dfe Eigenblutbehandlung und\/oder subcutane lokale Ozoninjektionen<\/td><\/tr><\/tbody><\/table><\/figure>\n\n\n\n<p>Chronische R\u00fcckenschmerzen<\/p>\n\n\n\n<figure class=\"wp-block-table\"><table><tbody><tr><td>Beispiele:<\/td><td>Bandscheibenvorfall<\/td><\/tr><tr><td>Therapie:<\/td><td>Interventionelle Radiologie mit Ozon<\/td><\/tr><\/tbody><\/table><\/figure>\n\n\n\n<p>Sportmedizin &#8211; Leistungssteigerung<\/p>\n\n\n\n<figure class=\"wp-block-table\"><table><tbody><tr><td>Beispiele:<\/td><td>Leistungssteigerung, Vitalisierung, Vorbeugung gegen Infekte vor wichtigen Bewerben etc.<\/td><\/tr><tr><td>Therapie:<\/td><td>Na-cl + Ozon Tropfinfusion oder gro\u00dfe Eigenblutbehandlung<\/td><\/tr><\/tbody><\/table><\/figure>\n\n\n\n<p>Sportmedizin &#8211; Verletzungen<\/p>\n\n\n\n<figure class=\"wp-block-table\"><table><tbody><tr><td>Beispiele:<\/td><td>Prellungen, Zerrungen, Verstauchungen, Entz\u00fcndungen, Gelenksbeschwerden&#8230;<\/td><\/tr><tr><td>Therapie:<\/td><td>je nach Einzelfall und Beschwerdebild &#8211; Na-cl + Ozon Tropfinfusion oder gro\u00dfe Eigenblutbehandlung und \/ oder Subcutane Injektionen mit medical Ozon (Erg\u00e4nzung: Einreibung mit Ozonoliven\u00f6l Haematome (frische stumpfe Verletzungen) &#8211; Wickel mit Ozonwasser (Ozon-Eiswasser)<\/td><\/tr><\/tbody><\/table><\/figure>\n\n\n\n<p>Altersbedingte Leiden<\/p>\n\n\n\n<figure class=\"wp-block-table\"><table><tbody><tr><td>Beispiele:<\/td><td>Vergesslichkeit, Antriebslosigkeit, Seh- u. H\u00f6rschw\u00e4che, Morbus Parkinson, Klimakterische Beschwerden, Osteoporose&#8230;<\/td><\/tr><tr><td>Therapie:<\/td><td>Na-cl + Ozon Tropfinfusion oder gro\u00dfe Eigenblutbehandlung, (Alternative- rektale Insufflation<\/td><\/tr><\/tbody><\/table><\/figure>\n\n\n\n<p>Infekte durch Bakterien, Viren, Pilze<\/p>\n\n\n\n<figure class=\"wp-block-table\"><table><tbody><tr><td>Beispiele:<\/td><td>Die Antibiosewirkung von medical Ozon (Dosisabh\u00e4ngig \u2013 keiminaktivierend bis keimzerst\u00f6rend) kann gut gen\u00fctzt werden und je nach Situation alleine oder in Kombination mit Antibiotikum verabreicht werden. Aus der Erfahrungsheilkunde sind Beobachtungen bekannt, dass bei zunehmender Unwirksamkeit einzelner Antibiotika, durch die Ozon-Sauerstofftherapie die Wirksamkeit dieser Medikamente wieder verbessert werden kann. Bei st\u00e4ndig wiederkehrenden Infekten !!!<\/td><\/tr><tr><td>Therapie:<\/td><td>Na-cl + Ozon Tropfinfusion oder gro\u00dfe Eigenblutbehandlung, (Alternative- rektale Insufflation Bei Darmerkrankungen oder vaginalen Beschwerden durch Keimbefall hat sich die rektale medical Ozon Insufflation bzw. die vaginale Insufflation gut bew\u00e4hrt.<\/td><\/tr><\/tbody><\/table><\/figure>\n\n\n\n<p>Allergien u. Hauterkrankungen bei Erwachsenen u. Kindern<\/p>\n\n\n\n<figure class=\"wp-block-table\"><table><tbody><tr><td>Beispiele:<\/td><td>Akne, Ekzeme, Psoriasis (Schuppenflechte), Neurodermitis usw.<\/td><\/tr><tr><td>Therapie:<\/td><td>bei Kindern \u2013 rektale Ozoninsufflation, bei Erwachsenen- Na-cl + Ozon Tropfinfusion oder gro\u00dfe Eigenblutbehandlung oder rektale Insufflation, je nach Einzelfall auch kleine Eigenblutbehandlung.<\/td><\/tr><\/tbody><\/table><\/figure>\n\n\n\n<p>Immunerkrankungen \u2013 geschw\u00e4chtes Immunsystem<\/p>\n\n\n\n<figure class=\"wp-block-table\"><table><tbody><tr><td>Beispiele:<\/td><td>Oftmals wiederkehrende Infekte, Allergien, Heuschnupfen etc. Als Begleittherapie zur Verbesserung der Befindlichkeit bei Krebspatienten<\/td><\/tr><tr><td>Therapie:<\/td><td>je nach Einzelfall: Na-cl + Ozon Tropfinfusion oder gro\u00dfe Eigenblutbehandlung und \/ oder kleine Eigenblutbehandlung \/ intramuskul\u00e4re Injektion \/ rektale Insufflation<\/td><\/tr><\/tbody><\/table><\/figure>\n","protected":false},"excerpt":{"rendered":"<p>Durchblutungsst\u00f6rungen Beispiele: Arteriosklerose (Gef\u00e4\u00dfverkalkung), arterielle Verschlusskrankheit, coronare Herzkrankheit, Angina pectoris, zur Vorbeugung oder Nachbehandlung von Herzinfarkt u. Schlaganfall, Claudicatio intermitens (Schaufensterkrankheit), Ulcus cruris (offene Beine), diabetische Gangr\u00e4n (Raucherbein), gef\u00e4\u00dfbedingter Kopfschmerz, Migr\u00e4ne, Drehschwindel, Tinnitus, Schlafst\u00f6rungen, M\u00fcdigkeit. Therapie: Na-cl + Ozon Tropfinfusion oder gro\u00dfe Eigenblutbehandlung, (bei Ulcus crur. evtl. zus\u00e4tzlich Wundbeflutung, Ozonwasser, Oliven\u00f6l mit Ozon), (Alternative &#8211; rektale Insufflation) Stoffwechselst\u00f6rungen Beispiele: erh\u00f6hte Cholesterin-, Triglyceride-, Harns\u00e4ure-, Blutzucker-, Leberwerte Therapie: Na-cl + Ozon Tropfinfusion oder gro\u00dfe Eigenblutbehandlung, (Alternative- rektale Insufflation) Lungenerkrankung Beispiele: COPD ist eine schwerwiegende Atemwegserkrankung Therapie: NaCl + Ozon-Tropfinfusion Lebererkrankungen Beispiele: infekti\u00f6se Hepatitis Typ B oder C, Leberparenchymsch\u00e4den, Pankreopathien. Therapie: Na-cl + Ozon Tropfinfusion oder gro\u00dfe Eigenblutbehandlung oder rektale Insufflation Entz\u00fcndungen &#8211; akut oder chronisch Beispiele: Weichteil- u. Gelenksrheumatismus, Gelenksabn\u00fctzung, Ischias, Hexenschuss, Bandscheiben- u. Wirbels\u00e4ulenleiden, Sehnenscheidenentz\u00fcndungen Therapie: Na-cl + Ozon Tropfinfusion oder gro\u00dfe Eigenblutbehandlung und\/oder subcutane lokale Ozoninjektionen Chronische R\u00fcckenschmerzen Beispiele: Bandscheibenvorfall Therapie: Interventionelle Radiologie mit Ozon Sportmedizin &#8211; Leistungssteigerung Beispiele: Leistungssteigerung, Vitalisierung, Vorbeugung gegen Infekte vor wichtigen Bewerben etc. Therapie: Na-cl + Ozon Tropfinfusion oder gro\u00dfe Eigenblutbehandlung Sportmedizin &#8211; Verletzungen Beispiele: Prellungen, Zerrungen, Verstauchungen, Entz\u00fcndungen, Gelenksbeschwerden&#8230; Therapie: je nach Einzelfall und Beschwerdebild &#8211; Na-cl + Ozon Tropfinfusion oder gro\u00dfe Eigenblutbehandlung und \/ oder Subcutane Injektionen mit medical Ozon (Erg\u00e4nzung: Einreibung mit Ozonoliven\u00f6l Haematome (frische stumpfe Verletzungen) &#8211; Wickel mit Ozonwasser (Ozon-Eiswasser) Altersbedingte Leiden Beispiele: Vergesslichkeit, Antriebslosigkeit, Seh- u. H\u00f6rschw\u00e4che, Morbus Parkinson, Klimakterische Beschwerden, Osteoporose&#8230; Therapie: Na-cl + Ozon Tropfinfusion oder gro\u00dfe Eigenblutbehandlung, (Alternative- rektale Insufflation Infekte durch Bakterien, Viren, Pilze Beispiele: Die Antibiosewirkung von medical Ozon (Dosisabh\u00e4ngig \u2013 keiminaktivierend bis keimzerst\u00f6rend) kann gut gen\u00fctzt werden und je nach Situation alleine oder in Kombination mit Antibiotikum verabreicht werden. Aus der Erfahrungsheilkunde sind Beobachtungen bekannt, dass bei zunehmender Unwirksamkeit einzelner Antibiotika, durch die Ozon-Sauerstofftherapie die Wirksamkeit dieser Medikamente wieder verbessert werden kann. Bei st\u00e4ndig wiederkehrenden Infekten !!! Therapie: Na-cl + Ozon Tropfinfusion oder gro\u00dfe Eigenblutbehandlung, (Alternative- rektale Insufflation Bei Darmerkrankungen oder vaginalen Beschwerden durch Keimbefall hat sich die rektale medical Ozon Insufflation bzw. die vaginale Insufflation gut bew\u00e4hrt. Allergien u. Hauterkrankungen bei Erwachsenen u. Kindern Beispiele: Akne, Ekzeme, Psoriasis (Schuppenflechte), Neurodermitis usw. Therapie: bei Kindern \u2013 rektale Ozoninsufflation, bei Erwachsenen- Na-cl + Ozon Tropfinfusion oder gro\u00dfe Eigenblutbehandlung oder rektale Insufflation, je nach Einzelfall auch kleine Eigenblutbehandlung. Immunerkrankungen \u2013 geschw\u00e4chtes Immunsystem Beispiele: Oftmals wiederkehrende Infekte, Allergien, Heuschnupfen etc. Als Begleittherapie zur Verbesserung der Befindlichkeit bei Krebspatienten Therapie: je nach Einzelfall: Na-cl + Ozon Tropfinfusion oder gro\u00dfe Eigenblutbehandlung und \/ oder kleine Eigenblutbehandlung \/ intramuskul\u00e4re Injektion \/ rektale Insufflation<\/p>\n","protected":false},"author":1,"featured_media":0,"parent":0,"menu_order":0,"comment_status":"closed","ping_status":"closed","template":"","meta":{"_bbp_topic_count":0,"_bbp_reply_count":0,"_bbp_total_topic_count":0,"_bbp_total_reply_count":0,"_bbp_voice_count":0,"_bbp_anonymous_reply_count":0,"_bbp_topic_count_hidden":0,"_bbp_reply_count_hidden":0,"_bbp_forum_subforum_count":0,"footnotes":""},"class_list":["post-9","page","type-page","status-publish","hentry"],"_links":{"self":[{"href":"https:\/\/www.ozon-sauerstoff.at\/index.php?rest_route=\/wp\/v2\/pages\/9","targetHints":{"allow":["GET"]}}],"collection":[{"href":"https:\/\/www.ozon-sauerstoff.at\/index.php?rest_route=\/wp\/v2\/pages"}],"about":[{"href":"https:\/\/www.ozon-sauerstoff.at\/index.php?rest_route=\/wp\/v2\/types\/page"}],"author":[{"embeddable":true,"href":"https:\/\/www.ozon-sauerstoff.at\/index.php?rest_route=\/wp\/v2\/users\/1"}],"replies":[{"embeddable":true,"href":"https:\/\/www.ozon-sauerstoff.at\/index.php?rest_route=%2Fwp%2Fv2%2Fcomments&post=9"}],"version-history":[{"count":2,"href":"https:\/\/www.ozon-sauerstoff.at\/index.php?rest_route=\/wp\/v2\/pages\/9\/revisions"}],"predecessor-version":[{"id":160,"href":"https:\/\/www.ozon-sauerstoff.at\/index.php?rest_route=\/wp\/v2\/pages\/9\/revisions\/160"}],"wp:attachment":[{"href":"https:\/\/www.ozon-sauerstoff.at\/index.php?rest_route=%2Fwp%2Fv2%2Fmedia&parent=9"}],"curies":[{"name":"wp","href":"https:\/\/api.w.org\/{rel}","templated":true}]}}